{"id":1164,"date":"2021-03-19T15:02:22","date_gmt":"2021-03-19T14:02:22","guid":{"rendered":"http:\/\/zsp5.edu.pl\/?page_id=1164"},"modified":"2021-05-24T09:13:39","modified_gmt":"2021-05-24T07:13:39","slug":"szkola-branzowa-ii-stopnia-wymagania","status":"publish","type":"page","link":"https:\/\/zsp5.edu.pl\/?page_id=1164","title":{"rendered":"Szko\u0142a Bran\u017cowa II Stopnia \u2013 wymagania"},"content":{"rendered":"\n<div>  \n\n    <p style=\"text-align: justify; font-size: 16pt; color: red; font-weight: bold;\">Ko\u0144cz\u0105c Szko\u0142\u0119 Bran\u017cow\u0105 I Stopnia warto pomy\u015ble\u0107 o rozpocz\u0119ciu kolejnego etapu edukacyjnego, kt\u00f3rym jest Szko\u0142a Bran\u017cowa II Stopnia:<\/p>\n    <ul style=\"color: #008080; line-height: 35px\">\n <li>Kszta\u0142cenie w tej szkole to kontynuacja kwalifikacji z wcze\u015bniej uko\u0144czonej Szko\u0142y Bran\u017cowej I Stopnia \nlub Zasadniczej Szko\u0142y Zawodowej. Szko\u0142a Bran\u017cowa II Stopnia mo\u017ce funkcjonowa\u0107 tylko w tych zawodach, \nkt\u00f3re maj\u0105 mo\u017cliwo\u015b\u0107 kontynuacji na poziomie technika. Nie mo\u017cna uczy\u0107 si\u0119 w zawodzie, kt\u00f3ry nie ma wsp\u00f3lnej\n kwalifikacji ze Szko\u0142\u0105 Bran\u017cow\u0105 I Stopnia lub z ZSZ.<\/li>\n\n<li>Ko\u0144cz\u0105c Szko\u0142\u0119 Bran\u017cow\u0105 II Stopnia oraz zdaj\u0105c egzamin potwierdzaj\u0105cy kwalifikacj\u0119 w zawodzie absolwent szko\u0142y otrzymuje dyplom technika oraz uzyskuje wykszta\u0142cenie \u015brednie.<\/li>\n\n<li>Dodatkowo wa\u017cnym elementem Szko\u0142y Bran\u017cowej II Stopnia jest mo\u017cliwo\u015b\u0107 przyst\u0105pienia do egzaminu maturalnego, dzi\u0119ki czemu p\u00f3\u017aniej mo\u017cna rozpocz\u0105\u0107 nauk\u0119 na studiach wy\u017cszych<\/li>\n<\/ul>\n<p style=\"text-align: justify; font-size: 16pt; color: #007acc; font-weight: bold;\">Nauka w Bran\u017cowej Szkole II stopnia trwa dwa lata<\/p> \n    <p style=\"text-align: justify; font-size: 16pt; color: red; font-weight: bold;\">Na semestr pierwszy klasy I publicznej Bran\u017cowej Szko\u0142y II Stopnia przyjmuje si\u0119:<\/p>\n    <ul style=\"color:  #00802b; line-height: 35px\">\n<li>absolwent\u00f3w Bran\u017cowej Szko\u0142y I Stopnia, kt\u00f3rzy uko\u0144czyli szko\u0142\u0119 w okresie 5 lat szkolnych poprzedzaj\u0105cych rok szkolny, na kt\u00f3ry ubiegaj\u0105 si\u0119 o przyj\u0119cie.<\/li>\n\n<li>kandydat\u00f3w b\u0119d\u0105cych absolwentami dotychczasowej Zasadniczej Szko\u0142y Zawodowej,kt\u00f3rzy rozpocz\u0119li kszta\u0142cenie w tej szkole pocz\u0105wszy od roku szkolnego 2012\/2013.<\/li>\n<\/ul>\n<p style=\"text-align: justify; font-size: 16pt; color: red; font-weight: bold;\">Kandydat musi posiada\u0107:<\/p>\n\n <ol style=\"color:  #00802b; line-height: 35px\">\n<li>\u015awiadectwo uko\u0144czenia Bran\u017cowej Szko\u0142y I Stopnia lub Zasadniczej Szko\u0142y Zawodowej,<\/li>\n\n<li>Za\u015bwiadczenie o zawodzie nauczanym w Bran\u017cowej Szkole I Stopnia lub w Zasadniczej Szkole Zawodowej, kt\u00f3rego zakres odpowiada kwalifikacji wyodr\u0119bnionej w zawodzie nauczanym w Bran\u017cowej Szkole II Stopnia, do kt\u00f3rej ubiegaj\u0105 si\u0119 o przyj\u0119cie,<\/li>\n\n<li>Podanie o przyj\u0119cie do szko\u0142y,<\/li>\n\n<li>Wype\u0142niona ankiet\u0119 dla kandydata<\/li>\n\n<li>Za\u015bwiadczenie lekarskie zawieraj\u0105ce orzeczenie o braku przeciwwskaza\u0144 zdrowotnych do podj\u0119cia praktycznej nauki zawodu,<\/li>\n\n<li>2 fotografi\u0119<\/li>\n<\/ol>\n\n<center><h3>Informujemy, i\u017c w roku szkolnym 2021\/2022 kandydaci maj\u0105 do wyboru klasy szko\u0142y bran\u017cowej II stopnia:<\/h3><\/center>\n\n <p style=\"text-align: center; font-size: 14pt; color: #0066cc; font-weight: bold;\">\/2 lata nauki\/ absolwenci Bran\u017cowej Szko\u0142y I Stopnia w zawodach:<\/p>\n <ul style=\"color: #008080; line-height: 35px\">\n<li>Technik rob\u00f3t wyko\u0144czeniowych w budownictwie<\/li>\n<li>Technik us\u0142ug fryzjerskich<\/li>\n<li>Technik \u017cywienia i us\u0142ug gastronomicznych<\/li>\n<\/ul>\n \n<\/div>\n\n\n\n<p><\/p>\n","protected":false},"excerpt":{"rendered":"<p>Ko\u0144cz\u0105c Szko\u0142\u0119 Bran\u017cow\u0105 I Stopnia warto pomy\u015ble\u0107 o rozpocz\u0119ciu kolejnego etapu edukacyjnego, kt\u00f3rym jest Szko\u0142a Bran\u017cowa II Stopnia: Kszta\u0142cenie w<\/p>\n","protected":false},"author":1,"featured_media":0,"parent":0,"menu_order":0,"comment_status":"closed","ping_status":"closed","template":"","meta":{"inline_featured_image":false,"footnotes":""},"class_list":["post-1164","page","type-page","status-publish","hentry"],"yoast_head":"<!-- This site is optimized with the Yoast SEO plugin v23.1 - https:\/\/yoast.com\/wordpress\/plugins\/seo\/ -->\n<title>Szko\u0142a Bran\u017cowa II Stopnia \u2013 wymagania - Zesp\u00f3\u0142 Szk\u00f3\u0142 Ponadpodstawowych Nr 5<\/title>\n<meta name=\"robots\" content=\"index, follow, max-snippet:-1, max-image-preview:large, max-video-preview:-1\" \/>\n<link rel=\"canonical\" href=\"https:\/\/zsp5.edu.pl\/?page_id=1164\" \/>\n<meta property=\"og:locale\" content=\"pl_PL\" \/>\n<meta property=\"og:type\" content=\"article\" \/>\n<meta property=\"og:title\" content=\"Szko\u0142a Bran\u017cowa II Stopnia \u2013 wymagania - Zesp\u00f3\u0142 Szk\u00f3\u0142 Ponadpodstawowych Nr 5\" \/>\n<meta property=\"og:description\" content=\"Ko\u0144cz\u0105c Szko\u0142\u0119 Bran\u017cow\u0105 I Stopnia warto pomy\u015ble\u0107 o rozpocz\u0119ciu kolejnego etapu edukacyjnego, kt\u00f3rym jest Szko\u0142a Bran\u017cowa II Stopnia: Kszta\u0142cenie w\" \/>\n<meta property=\"og:url\" content=\"https:\/\/zsp5.edu.pl\/?page_id=1164\" \/>\n<meta property=\"og:site_name\" content=\"Zesp\u00f3\u0142 Szk\u00f3\u0142 Ponadpodstawowych Nr 5\" \/>\n<meta property=\"article:modified_time\" content=\"2021-05-24T07:13:39+00:00\" \/>\n<meta name=\"twitter:card\" content=\"summary_large_image\" \/>\n<meta name=\"twitter:label1\" content=\"Szacowany czas czytania\" \/>\n\t<meta name=\"twitter:data1\" content=\"2 minuty\" \/>\n<script type=\"application\/ld+json\" class=\"yoast-schema-graph\">{\"@context\":\"https:\/\/schema.org\",\"@graph\":[{\"@type\":\"WebPage\",\"@id\":\"https:\/\/zsp5.edu.pl\/?page_id=1164\",\"url\":\"https:\/\/zsp5.edu.pl\/?page_id=1164\",\"name\":\"Szko\u0142a Bran\u017cowa II Stopnia \u2013 wymagania - Zesp\u00f3\u0142 Szk\u00f3\u0142 Ponadpodstawowych Nr 5\",\"isPartOf\":{\"@id\":\"https:\/\/zsp5.edu.pl\/#website\"},\"datePublished\":\"2021-03-19T14:02:22+00:00\",\"dateModified\":\"2021-05-24T07:13:39+00:00\",\"breadcrumb\":{\"@id\":\"https:\/\/zsp5.edu.pl\/?page_id=1164#breadcrumb\"},\"inLanguage\":\"pl-PL\",\"potentialAction\":[{\"@type\":\"ReadAction\",\"target\":[\"https:\/\/zsp5.edu.pl\/?page_id=1164\"]}]},{\"@type\":\"BreadcrumbList\",\"@id\":\"https:\/\/zsp5.edu.pl\/?page_id=1164#breadcrumb\",\"itemListElement\":[{\"@type\":\"ListItem\",\"position\":1,\"name\":\"Strona g\u0142\u00f3wna\",\"item\":\"https:\/\/zsp5.edu.pl\/\"},{\"@type\":\"ListItem\",\"position\":2,\"name\":\"Szko\u0142a Bran\u017cowa II Stopnia \u2013 wymagania\"}]},{\"@type\":\"WebSite\",\"@id\":\"https:\/\/zsp5.edu.pl\/#website\",\"url\":\"https:\/\/zsp5.edu.pl\/\",\"name\":\"Zesp\u00f3\u0142 Szk\u00f3\u0142 Ponadpodstawowych Nr 5\",\"description\":\"im. gen. W\u0142adys\u0142awa Sikorskiego\",\"potentialAction\":[{\"@type\":\"SearchAction\",\"target\":{\"@type\":\"EntryPoint\",\"urlTemplate\":\"https:\/\/zsp5.edu.pl\/?s={search_term_string}\"},\"query-input\":\"required name=search_term_string\"}],\"inLanguage\":\"pl-PL\"}]}<\/script>\n<!-- \/ Yoast SEO plugin. -->","yoast_head_json":{"title":"Szko\u0142a Bran\u017cowa II Stopnia \u2013 wymagania - Zesp\u00f3\u0142 Szk\u00f3\u0142 Ponadpodstawowych Nr 5","robots":{"index":"index","follow":"follow","max-snippet":"max-snippet:-1","max-image-preview":"max-image-preview:large","max-video-preview":"max-video-preview:-1"},"canonical":"https:\/\/zsp5.edu.pl\/?page_id=1164","og_locale":"pl_PL","og_type":"article","og_title":"Szko\u0142a Bran\u017cowa II Stopnia \u2013 wymagania - Zesp\u00f3\u0142 Szk\u00f3\u0142 Ponadpodstawowych Nr 5","og_description":"Ko\u0144cz\u0105c Szko\u0142\u0119 Bran\u017cow\u0105 I Stopnia warto pomy\u015ble\u0107 o rozpocz\u0119ciu kolejnego etapu edukacyjnego, kt\u00f3rym jest Szko\u0142a Bran\u017cowa II Stopnia: Kszta\u0142cenie w","og_url":"https:\/\/zsp5.edu.pl\/?page_id=1164","og_site_name":"Zesp\u00f3\u0142 Szk\u00f3\u0142 Ponadpodstawowych Nr 5","article_modified_time":"2021-05-24T07:13:39+00:00","twitter_card":"summary_large_image","twitter_misc":{"Szacowany czas czytania":"2 minuty"},"schema":{"@context":"https:\/\/schema.org","@graph":[{"@type":"WebPage","@id":"https:\/\/zsp5.edu.pl\/?page_id=1164","url":"https:\/\/zsp5.edu.pl\/?page_id=1164","name":"Szko\u0142a Bran\u017cowa II Stopnia \u2013 wymagania - Zesp\u00f3\u0142 Szk\u00f3\u0142 Ponadpodstawowych Nr 5","isPartOf":{"@id":"https:\/\/zsp5.edu.pl\/#website"},"datePublished":"2021-03-19T14:02:22+00:00","dateModified":"2021-05-24T07:13:39+00:00","breadcrumb":{"@id":"https:\/\/zsp5.edu.pl\/?page_id=1164#breadcrumb"},"inLanguage":"pl-PL","potentialAction":[{"@type":"ReadAction","target":["https:\/\/zsp5.edu.pl\/?page_id=1164"]}]},{"@type":"BreadcrumbList","@id":"https:\/\/zsp5.edu.pl\/?page_id=1164#breadcrumb","itemListElement":[{"@type":"ListItem","position":1,"name":"Strona g\u0142\u00f3wna","item":"https:\/\/zsp5.edu.pl\/"},{"@type":"ListItem","position":2,"name":"Szko\u0142a Bran\u017cowa II Stopnia \u2013 wymagania"}]},{"@type":"WebSite","@id":"https:\/\/zsp5.edu.pl\/#website","url":"https:\/\/zsp5.edu.pl\/","name":"Zesp\u00f3\u0142 Szk\u00f3\u0142 Ponadpodstawowych Nr 5","description":"im. gen. W\u0142adys\u0142awa Sikorskiego","potentialAction":[{"@type":"SearchAction","target":{"@type":"EntryPoint","urlTemplate":"https:\/\/zsp5.edu.pl\/?s={search_term_string}"},"query-input":"required name=search_term_string"}],"inLanguage":"pl-PL"}]}},"_links":{"self":[{"href":"https:\/\/zsp5.edu.pl\/index.php?rest_route=\/wp\/v2\/pages\/1164","targetHints":{"allow":["GET"]}}],"collection":[{"href":"https:\/\/zsp5.edu.pl\/index.php?rest_route=\/wp\/v2\/pages"}],"about":[{"href":"https:\/\/zsp5.edu.pl\/index.php?rest_route=\/wp\/v2\/types\/page"}],"author":[{"embeddable":true,"href":"https:\/\/zsp5.edu.pl\/index.php?rest_route=\/wp\/v2\/users\/1"}],"replies":[{"embeddable":true,"href":"https:\/\/zsp5.edu.pl\/index.php?rest_route=%2Fwp%2Fv2%2Fcomments&post=1164"}],"version-history":[{"count":4,"href":"https:\/\/zsp5.edu.pl\/index.php?rest_route=\/wp\/v2\/pages\/1164\/revisions"}],"predecessor-version":[{"id":1998,"href":"https:\/\/zsp5.edu.pl\/index.php?rest_route=\/wp\/v2\/pages\/1164\/revisions\/1998"}],"wp:attachment":[{"href":"https:\/\/zsp5.edu.pl\/index.php?rest_route=%2Fwp%2Fv2%2Fmedia&parent=1164"}],"curies":[{"name":"wp","href":"https:\/\/api.w.org\/{rel}","templated":true}]}}