{"id":1197,"date":"2021-03-25T19:12:44","date_gmt":"2021-03-25T18:12:44","guid":{"rendered":"http:\/\/zsp5.edu.pl\/?page_id=1197"},"modified":"2022-05-31T17:06:40","modified_gmt":"2022-05-31T15:06:40","slug":"projektowanie-architektoniczne","status":"publish","type":"page","link":"https:\/\/zsp5.edu.pl\/?page_id=1197","title":{"rendered":"Projektowanie architektoniczne"},"content":{"rendered":"\n<div class=\"wp-block-image\"><figure class=\"aligncenter size-full is-resized\"><img loading=\"lazy\" decoding=\"async\" src=\"https:\/\/zsp5.edu.pl\/wp-content\/uploads\/2022\/05\/stypendium1.jpg\" alt=\"\" class=\"wp-image-4152\" width=\"300\" height=\"219\" srcset=\"https:\/\/zsp5.edu.pl\/wp-content\/uploads\/2022\/05\/stypendium1.jpg 730w, https:\/\/zsp5.edu.pl\/wp-content\/uploads\/2022\/05\/stypendium1-300x219.jpg 300w\" sizes=\"auto, (max-width: 300px) 100vw, 300px\" \/><\/figure><\/div>\n\n\n\n<h2 class=\"alignfull has-text-align-center wp-block-heading\"><strong>STYPENDIUM W WYSOKO\u015aCI <mark style=\"background-color:rgba(0, 0, 0, 0)\" class=\"has-inline-color has-luminous-vivid-orange-color\">1000 Z\u0141<\/mark><\/strong>\ud83d\udcb0<\/h2>\n\n\n\n<div>\n<p style=\"text-align: justify; font-size: 18pt; color: #007acc; font-weight: bold;\">&nbsp;&nbsp; Kierunek \u201ena czasie\u201d.<\/p>\n<p style=\"text-align: justify; font-size: 14pt; color: #00660;\">Czy pasjonuje Ci\u0119 projektowanie, chcesz mie\u0107 w tym tw\u00f3rczym procesie sw\u00f3j udzia\u0142? To przyjd\u017a do nas. \nArchitektura to przede wszystkim tworzenie od nowa, nowy uk\u0142ad funkcjonalny, nowe \u015bcie\u017cki u\u017cytkowania przestrzeni, nowe scenariusze.\nU nas zdob\u0119dziesz wiedz\u0119 z dziedziny budownictwa i rozszerzysz umiej\u0119tno\u015bci  z zakresu podstaw projektowania architektonicznego. To u nas stworzysz sw\u00f3j model budynku i wy\u0107wiczysz r\u0119k\u0119 na rysunku odr\u0119cznym. Poznasz warsztat pracy architekta, a w przysz\u0142o\u015bci staniesz si\u0119 jego prawa r\u0119k\u0105. \nInnowacja ma na celu wzbogacenie wra\u017cliwo\u015bci, wyobra\u017ani, rozbudzenie zami\u0142owania do sztuki i rozwoju umiej\u0119tno\u015bci graficznych.  \nPoka\u017cemy Ci praktyczn\u0105 stron\u0119 projektowania, prawa budowlanego, ergonomii, ale te\u017c o prowadzeniu w\u0142asnej pracowni.\n Po zako\u0144czeniu nauki w naszej szkole mo\u017cesz kontynuowa\u0107 nauk\u0119 na kierunku architektura lub architektura wn\u0119trz. Mo\u017cesz podj\u0105\u0107 prac\u0119 w pracowniach projektowych lub sam\/sama za\u0142o\u017cysz w\u0142asn\u0105 dzia\u0142alno\u015b\u0107 gospodarcz\u0105.  <\/p>\n<\/div>\n\n\n\n<div class=\"wp-block-image\"><figure class=\"aligncenter size-large\"><img loading=\"lazy\" decoding=\"async\" width=\"850\" height=\"637\" src=\"https:\/\/zsp5.edu.pl\/wp-content\/uploads\/2021\/03\/tb_pw1.jpg\" alt=\"\" class=\"wp-image-1198\" srcset=\"https:\/\/zsp5.edu.pl\/wp-content\/uploads\/2021\/03\/tb_pw1.jpg 850w, https:\/\/zsp5.edu.pl\/wp-content\/uploads\/2021\/03\/tb_pw1-300x225.jpg 300w, https:\/\/zsp5.edu.pl\/wp-content\/uploads\/2021\/03\/tb_pw1-768x576.jpg 768w\" sizes=\"auto, (max-width: 850px) 100vw, 850px\" \/><\/figure><\/div>\n","protected":false},"excerpt":{"rendered":"<p>Czy pasjonuje Ci\u0119 projektowanie, chcesz mie\u0107 w tym tw\u00f3rczym procesie sw\u00f3j udzia\u0142? To przyjd\u017a do nas.<br \/>\nArchitektura to przede wszystkim tworzenie od nowa, nowy uk\u0142ad funkcjonalny, nowe \u015bcie\u017cki u\u017cytkowania przestrzeni, nowe scenariusze.<\/p>\n","protected":false},"author":1,"featured_media":0,"parent":0,"menu_order":0,"comment_status":"closed","ping_status":"closed","template":"","meta":{"inline_featured_image":false,"footnotes":""},"class_list":["post-1197","page","type-page","status-publish","hentry"],"yoast_head":"<!-- This site is optimized with the Yoast SEO plugin v23.1 - https:\/\/yoast.com\/wordpress\/plugins\/seo\/ -->\n<title>Projektowanie architektoniczne - Zesp\u00f3\u0142 Szk\u00f3\u0142 Ponadpodstawowych Nr 5<\/title>\n<meta name=\"robots\" content=\"index, follow, max-snippet:-1, max-image-preview:large, max-video-preview:-1\" \/>\n<link rel=\"canonical\" href=\"https:\/\/zsp5.edu.pl\/?page_id=1197\" \/>\n<meta property=\"og:locale\" content=\"pl_PL\" \/>\n<meta property=\"og:type\" content=\"article\" \/>\n<meta property=\"og:title\" content=\"Projektowanie architektoniczne - Zesp\u00f3\u0142 Szk\u00f3\u0142 Ponadpodstawowych Nr 5\" \/>\n<meta property=\"og:description\" content=\"Czy pasjonuje Ci\u0119 projektowanie, chcesz mie\u0107 w tym tw\u00f3rczym procesie sw\u00f3j udzia\u0142? To przyjd\u017a do nas. Architektura to przede wszystkim tworzenie od nowa, nowy uk\u0142ad funkcjonalny, nowe \u015bcie\u017cki u\u017cytkowania przestrzeni, nowe scenariusze.\" \/>\n<meta property=\"og:url\" content=\"https:\/\/zsp5.edu.pl\/?page_id=1197\" \/>\n<meta property=\"og:site_name\" content=\"Zesp\u00f3\u0142 Szk\u00f3\u0142 Ponadpodstawowych Nr 5\" \/>\n<meta property=\"article:modified_time\" content=\"2022-05-31T15:06:40+00:00\" \/>\n<meta property=\"og:image\" content=\"http:\/\/zsp5.edu.pl\/wp-content\/uploads\/2022\/05\/stypendium1.jpg\" \/>\n<meta name=\"twitter:card\" content=\"summary_large_image\" \/>\n<meta name=\"twitter:label1\" content=\"Szacowany czas czytania\" \/>\n\t<meta name=\"twitter:data1\" content=\"1 minuta\" \/>\n<script type=\"application\/ld+json\" class=\"yoast-schema-graph\">{\"@context\":\"https:\/\/schema.org\",\"@graph\":[{\"@type\":\"WebPage\",\"@id\":\"https:\/\/zsp5.edu.pl\/?page_id=1197\",\"url\":\"https:\/\/zsp5.edu.pl\/?page_id=1197\",\"name\":\"Projektowanie architektoniczne - Zesp\u00f3\u0142 Szk\u00f3\u0142 Ponadpodstawowych Nr 5\",\"isPartOf\":{\"@id\":\"https:\/\/zsp5.edu.pl\/#website\"},\"primaryImageOfPage\":{\"@id\":\"https:\/\/zsp5.edu.pl\/?page_id=1197#primaryimage\"},\"image\":{\"@id\":\"https:\/\/zsp5.edu.pl\/?page_id=1197#primaryimage\"},\"thumbnailUrl\":\"http:\/\/zsp5.edu.pl\/wp-content\/uploads\/2022\/05\/stypendium1.jpg\",\"datePublished\":\"2021-03-25T18:12:44+00:00\",\"dateModified\":\"2022-05-31T15:06:40+00:00\",\"breadcrumb\":{\"@id\":\"https:\/\/zsp5.edu.pl\/?page_id=1197#breadcrumb\"},\"inLanguage\":\"pl-PL\",\"potentialAction\":[{\"@type\":\"ReadAction\",\"target\":[\"https:\/\/zsp5.edu.pl\/?page_id=1197\"]}]},{\"@type\":\"ImageObject\",\"inLanguage\":\"pl-PL\",\"@id\":\"https:\/\/zsp5.edu.pl\/?page_id=1197#primaryimage\",\"url\":\"https:\/\/zsp5.edu.pl\/wp-content\/uploads\/2022\/05\/stypendium1.jpg\",\"contentUrl\":\"https:\/\/zsp5.edu.pl\/wp-content\/uploads\/2022\/05\/stypendium1.jpg\",\"width\":730,\"height\":534,\"caption\":\"P\"},{\"@type\":\"BreadcrumbList\",\"@id\":\"https:\/\/zsp5.edu.pl\/?page_id=1197#breadcrumb\",\"itemListElement\":[{\"@type\":\"ListItem\",\"position\":1,\"name\":\"Strona g\u0142\u00f3wna\",\"item\":\"https:\/\/zsp5.edu.pl\/\"},{\"@type\":\"ListItem\",\"position\":2,\"name\":\"Projektowanie architektoniczne\"}]},{\"@type\":\"WebSite\",\"@id\":\"https:\/\/zsp5.edu.pl\/#website\",\"url\":\"https:\/\/zsp5.edu.pl\/\",\"name\":\"Zesp\u00f3\u0142 Szk\u00f3\u0142 Ponadpodstawowych Nr 5\",\"description\":\"im. gen. W\u0142adys\u0142awa Sikorskiego\",\"potentialAction\":[{\"@type\":\"SearchAction\",\"target\":{\"@type\":\"EntryPoint\",\"urlTemplate\":\"https:\/\/zsp5.edu.pl\/?s={search_term_string}\"},\"query-input\":\"required name=search_term_string\"}],\"inLanguage\":\"pl-PL\"}]}<\/script>\n<!-- \/ Yoast SEO plugin. -->","yoast_head_json":{"title":"Projektowanie architektoniczne - Zesp\u00f3\u0142 Szk\u00f3\u0142 Ponadpodstawowych Nr 5","robots":{"index":"index","follow":"follow","max-snippet":"max-snippet:-1","max-image-preview":"max-image-preview:large","max-video-preview":"max-video-preview:-1"},"canonical":"https:\/\/zsp5.edu.pl\/?page_id=1197","og_locale":"pl_PL","og_type":"article","og_title":"Projektowanie architektoniczne - Zesp\u00f3\u0142 Szk\u00f3\u0142 Ponadpodstawowych Nr 5","og_description":"Czy pasjonuje Ci\u0119 projektowanie, chcesz mie\u0107 w tym tw\u00f3rczym procesie sw\u00f3j udzia\u0142? To przyjd\u017a do nas. Architektura to przede wszystkim tworzenie od nowa, nowy uk\u0142ad funkcjonalny, nowe \u015bcie\u017cki u\u017cytkowania przestrzeni, nowe scenariusze.","og_url":"https:\/\/zsp5.edu.pl\/?page_id=1197","og_site_name":"Zesp\u00f3\u0142 Szk\u00f3\u0142 Ponadpodstawowych Nr 5","article_modified_time":"2022-05-31T15:06:40+00:00","og_image":[{"url":"http:\/\/zsp5.edu.pl\/wp-content\/uploads\/2022\/05\/stypendium1.jpg"}],"twitter_card":"summary_large_image","twitter_misc":{"Szacowany czas czytania":"1 minuta"},"schema":{"@context":"https:\/\/schema.org","@graph":[{"@type":"WebPage","@id":"https:\/\/zsp5.edu.pl\/?page_id=1197","url":"https:\/\/zsp5.edu.pl\/?page_id=1197","name":"Projektowanie architektoniczne - Zesp\u00f3\u0142 Szk\u00f3\u0142 Ponadpodstawowych Nr 5","isPartOf":{"@id":"https:\/\/zsp5.edu.pl\/#website"},"primaryImageOfPage":{"@id":"https:\/\/zsp5.edu.pl\/?page_id=1197#primaryimage"},"image":{"@id":"https:\/\/zsp5.edu.pl\/?page_id=1197#primaryimage"},"thumbnailUrl":"http:\/\/zsp5.edu.pl\/wp-content\/uploads\/2022\/05\/stypendium1.jpg","datePublished":"2021-03-25T18:12:44+00:00","dateModified":"2022-05-31T15:06:40+00:00","breadcrumb":{"@id":"https:\/\/zsp5.edu.pl\/?page_id=1197#breadcrumb"},"inLanguage":"pl-PL","potentialAction":[{"@type":"ReadAction","target":["https:\/\/zsp5.edu.pl\/?page_id=1197"]}]},{"@type":"ImageObject","inLanguage":"pl-PL","@id":"https:\/\/zsp5.edu.pl\/?page_id=1197#primaryimage","url":"https:\/\/zsp5.edu.pl\/wp-content\/uploads\/2022\/05\/stypendium1.jpg","contentUrl":"https:\/\/zsp5.edu.pl\/wp-content\/uploads\/2022\/05\/stypendium1.jpg","width":730,"height":534,"caption":"P"},{"@type":"BreadcrumbList","@id":"https:\/\/zsp5.edu.pl\/?page_id=1197#breadcrumb","itemListElement":[{"@type":"ListItem","position":1,"name":"Strona g\u0142\u00f3wna","item":"https:\/\/zsp5.edu.pl\/"},{"@type":"ListItem","position":2,"name":"Projektowanie architektoniczne"}]},{"@type":"WebSite","@id":"https:\/\/zsp5.edu.pl\/#website","url":"https:\/\/zsp5.edu.pl\/","name":"Zesp\u00f3\u0142 Szk\u00f3\u0142 Ponadpodstawowych Nr 5","description":"im. gen. W\u0142adys\u0142awa Sikorskiego","potentialAction":[{"@type":"SearchAction","target":{"@type":"EntryPoint","urlTemplate":"https:\/\/zsp5.edu.pl\/?s={search_term_string}"},"query-input":"required name=search_term_string"}],"inLanguage":"pl-PL"}]}},"_links":{"self":[{"href":"https:\/\/zsp5.edu.pl\/index.php?rest_route=\/wp\/v2\/pages\/1197","targetHints":{"allow":["GET"]}}],"collection":[{"href":"https:\/\/zsp5.edu.pl\/index.php?rest_route=\/wp\/v2\/pages"}],"about":[{"href":"https:\/\/zsp5.edu.pl\/index.php?rest_route=\/wp\/v2\/types\/page"}],"author":[{"embeddable":true,"href":"https:\/\/zsp5.edu.pl\/index.php?rest_route=\/wp\/v2\/users\/1"}],"replies":[{"embeddable":true,"href":"https:\/\/zsp5.edu.pl\/index.php?rest_route=%2Fwp%2Fv2%2Fcomments&post=1197"}],"version-history":[{"count":4,"href":"https:\/\/zsp5.edu.pl\/index.php?rest_route=\/wp\/v2\/pages\/1197\/revisions"}],"predecessor-version":[{"id":4156,"href":"https:\/\/zsp5.edu.pl\/index.php?rest_route=\/wp\/v2\/pages\/1197\/revisions\/4156"}],"wp:attachment":[{"href":"https:\/\/zsp5.edu.pl\/index.php?rest_route=%2Fwp%2Fv2%2Fmedia&parent=1197"}],"curies":[{"name":"wp","href":"https:\/\/api.w.org\/{rel}","templated":true}]}}