{"id":519,"date":"2021-01-22T15:29:06","date_gmt":"2021-01-22T14:29:06","guid":{"rendered":"http:\/\/new.zsp5.aplus.pl\/?page_id=519"},"modified":"2023-04-27T10:29:50","modified_gmt":"2023-04-27T08:29:50","slug":"technik-programista","status":"publish","type":"page","link":"https:\/\/zsp5.edu.pl\/?page_id=519","title":{"rendered":"Technik programista z robotyk\u0105"},"content":{"rendered":"\n<figure class=\"wp-block-image aligncenter size-full is-resized\"><img loading=\"lazy\" decoding=\"async\" src=\"https:\/\/zsp5.edu.pl\/wp-content\/uploads\/2022\/05\/stypendium1.jpg\" alt=\"\" class=\"wp-image-4152\" width=\"340\" height=\"249\" srcset=\"https:\/\/zsp5.edu.pl\/wp-content\/uploads\/2022\/05\/stypendium1.jpg 730w, https:\/\/zsp5.edu.pl\/wp-content\/uploads\/2022\/05\/stypendium1-300x219.jpg 300w\" sizes=\"auto, (max-width: 340px) 100vw, 340px\" \/><\/figure>\n\n\n\n<h2 class=\"wp-block-heading alignfull has-text-align-center\"><strong>Uczniowie w zawodzie technik programista mog\u0105 stara\u0107 si\u0119 o <mark style=\"background-color:rgba(0, 0, 0, 0)\" class=\"has-inline-color has-vivid-red-color\">STYPENDIUM.<\/mark><\/strong>\ud83d\udcb0<\/h2>\n\n\n\n<div class=\"wp-block-columns is-layout-flex wp-container-core-columns-is-layout-28f84493 wp-block-columns-is-layout-flex\">\n<div class=\"wp-block-column is-layout-flow wp-block-column-is-layout-flow\">\n<figure class=\"wp-block-image size-full\"><img loading=\"lazy\" decoding=\"async\" width=\"800\" height=\"533\" src=\"https:\/\/zsp5.edu.pl\/wp-content\/uploads\/2022\/05\/1652810698490_97834_22.05.13_budowlanka_dni_otwarte_43.jpg\" alt=\"\" class=\"wp-image-3931\" srcset=\"https:\/\/zsp5.edu.pl\/wp-content\/uploads\/2022\/05\/1652810698490_97834_22.05.13_budowlanka_dni_otwarte_43.jpg 800w, https:\/\/zsp5.edu.pl\/wp-content\/uploads\/2022\/05\/1652810698490_97834_22.05.13_budowlanka_dni_otwarte_43-300x200.jpg 300w, https:\/\/zsp5.edu.pl\/wp-content\/uploads\/2022\/05\/1652810698490_97834_22.05.13_budowlanka_dni_otwarte_43-768x512.jpg 768w\" sizes=\"auto, (max-width: 800px) 100vw, 800px\" \/><\/figure>\n<\/div>\n\n\n\n<div class=\"wp-block-column is-layout-flow wp-block-column-is-layout-flow\">\n<figure class=\"wp-block-image size-full\"><img decoding=\"async\" src=\"https:\/\/zsp5.edu.pl\/wp-content\/uploads\/2022\/04\/20220324_111634.jpg\" alt=\"\" class=\"wp-image-3540\"\/><\/figure>\n<\/div>\n<\/div>\n\n\n\n<div>  \n<p style=\"text-align: justify; font-size: 16pt; color: #007acc; font-weight: bold;\">&nbsp;&nbsp; z robotyk\u0105<\/p><br>  \n <p style=\"text-align: justify\">Technik programista to idealny zaw\u00f3d dla mi\u0142o\u015bnik\u00f3w nowoczesnych technologii, komputer\u00f3w, aplikacji internetowych i mobilnych, czyli szeroko\nrozumianej bran\u017cy IT. Programowanie obecnie rz\u0105dzi \u015bwiatem. Kod nap\u0119dza biznes, o\u017cywia maszyny, steruje robotami, automatyzuje procesy,\nrz\u0105dzi produkcj\u0105, stanowi DNA gier, kontroluje inteligentne domy. Programi\u015bci praktycznie tworz\u0105 \u015bwiat XXI wieku, dlatego jako technik\nprogramista b\u0119dziesz mie\u0107 mo\u017cliwo\u015b\u0107 nie tylko bardzo szybko znale\u017a\u0107 prac\u0119, ale te\u017c pracowa\u0107 zdalnie, za\u0142o\u017cy\u0107 w\u0142asn\u0105 firm\u0119, a tak\u017ce rozwija\u0107 si\u0119\ndalej na studiach.<\/p><br>\n    \n    <p style=\"text-align: justify; font-size: 16pt; color: red; font-weight: bold;\">Czego si\u0119 nauczy przysz\u0142y technik programista?<\/p>\n    <ul style=\"color: #008080; line-height: 35px\">\n<li>tworzenia i administrowania stronami internetowymi,<\/li>\n<li>tworzenia, administrowania i u\u017cytkowania relacyjnych baz danych,<\/li>\n<li>programowania aplikacji internetowych,<\/li>\n<li>tworzenia i administrowania systemami zarz\u0105dzania tre\u015bci\u0105,<\/li>\n<li>projektowania, programowania i testowania zaawansowanych aplikacji\nwebowych,<\/li>\n<li>projektowania, programowania i testowania aplikacji desktopowych,<\/li>\n<li>projektowania, programowania i testowania aplikacji mobilnych.<\/li>\n<\/ul>\n    <p style=\"text-align: justify; font-size: 16pt; color: red; font-weight: bold;\">W trakcie nauki masz szans\u0119 rozwija\u0107 swoj\u0105 wiedz\u0119 w ramach nast\u0119puj\u0105cych\nprzedmiot\u00f3w zawodowych:<\/p>\n    <ul style=\"color: #008080; line-height: 35px\">\n<li>Przygotowanie do zawodu programisty<\/li>\n<li>Bazy danych<\/li>\n<li>Strony i aplikacje internetowe<\/li>\n<li>Podstawy programowania<\/li>\n<li>Aplikacje desktopowe i mobilne<\/li>\n<li>Aplikacje webowe<\/li>\n<li>Tworzenie i zarz\u0105dzanie bazami danych<\/li>\n<li>Tworzenie stron i aplikacji internetowych<\/li>\n<li>Tworzenie aplikacji desktopowych<\/li>\n<li>Tworzenie aplikacji mobilnych<\/li>\n<li>Tworzenie aplikacji webowych<\/li>\n<li>Bezpiecze\u0144stwo i higiena pracy<\/li>\n<li>J\u0119zyk angielski zawodowy<\/li>\n<\/ul>\n\n    <p style=\"text-align: justify; font-size: 16pt; color: red; font-weight: bold;\">Technik programista znajdzie zatrudnienie w:<\/p>\n    <ul style=\"color: #2E8B57; line-height: 25px\">\n<li>przedsi\u0119biorstwach zajmuj\u0105cych si\u0119 tworzeniem program\u00f3w desktopowych\ni aplikacji internetowych;<\/li>\n<li>przedsi\u0119biorstwach zajmuj\u0105cych si\u0119 administracj\u0105 baz danych;<\/li>\n<li>przedsi\u0119biorstwach zajmuj\u0105cych si\u0119 grafik\u0105 komputerow\u0105;<\/li>\n<li>przedsi\u0119biorstwach zajmuj\u0105cych si\u0119 tworzeniem aplikacji mobilnych<\/li>\n<li>przedsi\u0119biorstwach zajmuj\u0105cych si\u0119 projektowaniem UI<\/li>\n<li>przedsi\u0119biorstwach zajmuj\u0105cych si\u0119 modelowaniem, projektowaniem i\ndrukiem 3D<\/li>\nmo\u017ce prowadzi\u0107 swoj\u0105 w\u0142asn\u0105 dzia\u0142alno\u015b\u0107.\n<\/ul>\n<\/div>\n\n\n\n<figure class=\"wp-block-embed is-type-video is-provider-youtube wp-block-embed-youtube wp-embed-aspect-16-9 wp-has-aspect-ratio\"><div class=\"wp-block-embed__wrapper\">\n<iframe loading=\"lazy\" title=\"Technik programista\" width=\"800\" height=\"450\" src=\"https:\/\/www.youtube.com\/embed\/75twYnLnTss?feature=oembed\" frameborder=\"0\" allow=\"accelerometer; autoplay; clipboard-write; encrypted-media; gyroscope; picture-in-picture\" allowfullscreen><\/iframe>\n<\/div><\/figure>\n","protected":false},"excerpt":{"rendered":"<p>Uczniowie w zawodzie technik programista mog\u0105 stara\u0107 si\u0119 o STYPENDIUM.\ud83d\udcb0 &nbsp;&nbsp; z robotyk\u0105 Technik programista to idealny zaw\u00f3d dla mi\u0142o\u015bnik\u00f3w<\/p>\n","protected":false},"author":1,"featured_media":0,"parent":0,"menu_order":0,"comment_status":"closed","ping_status":"closed","template":"","meta":{"inline_featured_image":false,"footnotes":""},"class_list":["post-519","page","type-page","status-publish","hentry"],"yoast_head":"<!-- This site is optimized with the Yoast SEO plugin v23.1 - https:\/\/yoast.com\/wordpress\/plugins\/seo\/ -->\n<title>Technik programista z robotyk\u0105 - %<\/title>\n<meta name=\"description\" content=\"Technik programista to idealny zaw\u00f3d dla mi\u0142o\u015bnik\u00f3w nowoczesnych technologii, komputer\u00f3w, aplikacji internetowych i mobilnych, czyli szeroko rozumianej bran\u017cy IT. Programowanie obecnie rz\u0105dzi \u015bwiatem. Kod nap\u0119dza biznes, o\u017cywia maszyny, steruje robotami, automatyzuje procesy, rz\u0105dzi produkcj\u0105, stanowi DNA gier, kontroluje inteligentne domy. Programi\u015bci praktycznie tworz\u0105 \u015bwiat XXI wieku, dlatego jako technik programista b\u0119dziesz mie\u0107 mo\u017cliwo\u015b\u0107 nie tylko bardzo szybko znale\u017a\u0107 prac\u0119, ale te\u017c pracowa\u0107 zdalnie, za\u0142o\u017cy\u0107 w\u0142asn\u0105 firm\u0119, a tak\u017ce rozwija\u0107 si\u0119 dalej na studiach.\" \/>\n<meta name=\"robots\" content=\"index, follow, max-snippet:-1, max-image-preview:large, max-video-preview:-1\" \/>\n<link rel=\"canonical\" href=\"https:\/\/zsp5.edu.pl\/?page_id=519\" \/>\n<meta property=\"og:locale\" content=\"pl_PL\" \/>\n<meta property=\"og:type\" content=\"article\" \/>\n<meta property=\"og:title\" content=\"Technik programista z robotyk\u0105\" \/>\n<meta property=\"og:description\" content=\"Technik programista to idealny zaw\u00f3d dla mi\u0142o\u015bnik\u00f3w nowoczesnych technologii, komputer\u00f3w, aplikacji internetowych i mobilnych, czyli szeroko rozumianej bran\u017cy IT. Programowanie obecnie rz\u0105dzi \u015bwiatem. Kod nap\u0119dza biznes, o\u017cywia maszyny, steruje robotami, automatyzuje procesy, rz\u0105dzi produkcj\u0105, stanowi DNA gier, kontroluje inteligentne domy. Programi\u015bci praktycznie tworz\u0105 \u015bwiat XXI wieku, dlatego jako technik programista b\u0119dziesz mie\u0107 mo\u017cliwo\u015b\u0107 nie tylko bardzo szybko znale\u017a\u0107 prac\u0119, ale te\u017c pracowa\u0107 zdalnie, za\u0142o\u017cy\u0107 w\u0142asn\u0105 firm\u0119, a tak\u017ce rozwija\u0107 si\u0119 dalej na studiach.\" \/>\n<meta property=\"og:url\" content=\"https:\/\/zsp5.edu.pl\/?page_id=519\" \/>\n<meta property=\"og:site_name\" content=\"Zesp\u00f3\u0142 Szk\u00f3\u0142 Ponadpodstawowych Nr 5\" \/>\n<meta property=\"article:modified_time\" content=\"2023-04-27T08:29:50+00:00\" \/>\n<meta property=\"og:image\" content=\"http:\/\/zsp5.edu.pl\/wp-content\/uploads\/2023\/04\/DSC_1210.jpg\" \/>\n\t<meta property=\"og:image:width\" content=\"640\" \/>\n\t<meta property=\"og:image:height\" content=\"427\" \/>\n\t<meta property=\"og:image:type\" content=\"image\/jpeg\" \/>\n<meta name=\"twitter:card\" content=\"summary_large_image\" \/>\n<meta name=\"twitter:label1\" content=\"Szacowany czas czytania\" \/>\n\t<meta name=\"twitter:data1\" content=\"3 minuty\" \/>\n<script type=\"application\/ld+json\" class=\"yoast-schema-graph\">{\"@context\":\"https:\/\/schema.org\",\"@graph\":[{\"@type\":\"WebPage\",\"@id\":\"https:\/\/zsp5.edu.pl\/?page_id=519\",\"url\":\"https:\/\/zsp5.edu.pl\/?page_id=519\",\"name\":\"Technik programista z robotyk\u0105 - %\",\"isPartOf\":{\"@id\":\"https:\/\/zsp5.edu.pl\/#website\"},\"primaryImageOfPage\":{\"@id\":\"https:\/\/zsp5.edu.pl\/?page_id=519#primaryimage\"},\"image\":{\"@id\":\"https:\/\/zsp5.edu.pl\/?page_id=519#primaryimage\"},\"thumbnailUrl\":\"http:\/\/zsp5.edu.pl\/wp-content\/uploads\/2022\/05\/stypendium1.jpg\",\"datePublished\":\"2021-01-22T14:29:06+00:00\",\"dateModified\":\"2023-04-27T08:29:50+00:00\",\"description\":\"Technik programista to idealny zaw\u00f3d dla mi\u0142o\u015bnik\u00f3w nowoczesnych technologii, komputer\u00f3w, aplikacji internetowych i mobilnych, czyli szeroko rozumianej bran\u017cy IT. Programowanie obecnie rz\u0105dzi \u015bwiatem. Kod nap\u0119dza biznes, o\u017cywia maszyny, steruje robotami, automatyzuje procesy, rz\u0105dzi produkcj\u0105, stanowi DNA gier, kontroluje inteligentne domy. Programi\u015bci praktycznie tworz\u0105 \u015bwiat XXI wieku, dlatego jako technik programista b\u0119dziesz mie\u0107 mo\u017cliwo\u015b\u0107 nie tylko bardzo szybko znale\u017a\u0107 prac\u0119, ale te\u017c pracowa\u0107 zdalnie, za\u0142o\u017cy\u0107 w\u0142asn\u0105 firm\u0119, a tak\u017ce rozwija\u0107 si\u0119 dalej na studiach.\",\"breadcrumb\":{\"@id\":\"https:\/\/zsp5.edu.pl\/?page_id=519#breadcrumb\"},\"inLanguage\":\"pl-PL\",\"potentialAction\":[{\"@type\":\"ReadAction\",\"target\":[\"https:\/\/zsp5.edu.pl\/?page_id=519\"]}]},{\"@type\":\"ImageObject\",\"inLanguage\":\"pl-PL\",\"@id\":\"https:\/\/zsp5.edu.pl\/?page_id=519#primaryimage\",\"url\":\"https:\/\/zsp5.edu.pl\/wp-content\/uploads\/2022\/05\/stypendium1.jpg\",\"contentUrl\":\"https:\/\/zsp5.edu.pl\/wp-content\/uploads\/2022\/05\/stypendium1.jpg\",\"width\":730,\"height\":534,\"caption\":\"P\"},{\"@type\":\"BreadcrumbList\",\"@id\":\"https:\/\/zsp5.edu.pl\/?page_id=519#breadcrumb\",\"itemListElement\":[{\"@type\":\"ListItem\",\"position\":1,\"name\":\"Strona g\u0142\u00f3wna\",\"item\":\"https:\/\/zsp5.edu.pl\/\"},{\"@type\":\"ListItem\",\"position\":2,\"name\":\"Technik programista z robotyk\u0105\"}]},{\"@type\":\"WebSite\",\"@id\":\"https:\/\/zsp5.edu.pl\/#website\",\"url\":\"https:\/\/zsp5.edu.pl\/\",\"name\":\"Zesp\u00f3\u0142 Szk\u00f3\u0142 Ponadpodstawowych Nr 5\",\"description\":\"im. gen. W\u0142adys\u0142awa Sikorskiego\",\"potentialAction\":[{\"@type\":\"SearchAction\",\"target\":{\"@type\":\"EntryPoint\",\"urlTemplate\":\"https:\/\/zsp5.edu.pl\/?s={search_term_string}\"},\"query-input\":\"required name=search_term_string\"}],\"inLanguage\":\"pl-PL\"}]}<\/script>\n<!-- \/ Yoast SEO plugin. -->","yoast_head_json":{"title":"Technik programista z robotyk\u0105 - %","description":"Technik programista to idealny zaw\u00f3d dla mi\u0142o\u015bnik\u00f3w nowoczesnych technologii, komputer\u00f3w, aplikacji internetowych i mobilnych, czyli szeroko rozumianej bran\u017cy IT. Programowanie obecnie rz\u0105dzi \u015bwiatem. Kod nap\u0119dza biznes, o\u017cywia maszyny, steruje robotami, automatyzuje procesy, rz\u0105dzi produkcj\u0105, stanowi DNA gier, kontroluje inteligentne domy. Programi\u015bci praktycznie tworz\u0105 \u015bwiat XXI wieku, dlatego jako technik programista b\u0119dziesz mie\u0107 mo\u017cliwo\u015b\u0107 nie tylko bardzo szybko znale\u017a\u0107 prac\u0119, ale te\u017c pracowa\u0107 zdalnie, za\u0142o\u017cy\u0107 w\u0142asn\u0105 firm\u0119, a tak\u017ce rozwija\u0107 si\u0119 dalej na studiach.","robots":{"index":"index","follow":"follow","max-snippet":"max-snippet:-1","max-image-preview":"max-image-preview:large","max-video-preview":"max-video-preview:-1"},"canonical":"https:\/\/zsp5.edu.pl\/?page_id=519","og_locale":"pl_PL","og_type":"article","og_title":"Technik programista z robotyk\u0105","og_description":"Technik programista to idealny zaw\u00f3d dla mi\u0142o\u015bnik\u00f3w nowoczesnych technologii, komputer\u00f3w, aplikacji internetowych i mobilnych, czyli szeroko rozumianej bran\u017cy IT. Programowanie obecnie rz\u0105dzi \u015bwiatem. Kod nap\u0119dza biznes, o\u017cywia maszyny, steruje robotami, automatyzuje procesy, rz\u0105dzi produkcj\u0105, stanowi DNA gier, kontroluje inteligentne domy. Programi\u015bci praktycznie tworz\u0105 \u015bwiat XXI wieku, dlatego jako technik programista b\u0119dziesz mie\u0107 mo\u017cliwo\u015b\u0107 nie tylko bardzo szybko znale\u017a\u0107 prac\u0119, ale te\u017c pracowa\u0107 zdalnie, za\u0142o\u017cy\u0107 w\u0142asn\u0105 firm\u0119, a tak\u017ce rozwija\u0107 si\u0119 dalej na studiach.","og_url":"https:\/\/zsp5.edu.pl\/?page_id=519","og_site_name":"Zesp\u00f3\u0142 Szk\u00f3\u0142 Ponadpodstawowych Nr 5","article_modified_time":"2023-04-27T08:29:50+00:00","og_image":[{"width":640,"height":427,"url":"http:\/\/zsp5.edu.pl\/wp-content\/uploads\/2023\/04\/DSC_1210.jpg","type":"image\/jpeg"}],"twitter_card":"summary_large_image","twitter_misc":{"Szacowany czas czytania":"3 minuty"},"schema":{"@context":"https:\/\/schema.org","@graph":[{"@type":"WebPage","@id":"https:\/\/zsp5.edu.pl\/?page_id=519","url":"https:\/\/zsp5.edu.pl\/?page_id=519","name":"Technik programista z robotyk\u0105 - %","isPartOf":{"@id":"https:\/\/zsp5.edu.pl\/#website"},"primaryImageOfPage":{"@id":"https:\/\/zsp5.edu.pl\/?page_id=519#primaryimage"},"image":{"@id":"https:\/\/zsp5.edu.pl\/?page_id=519#primaryimage"},"thumbnailUrl":"http:\/\/zsp5.edu.pl\/wp-content\/uploads\/2022\/05\/stypendium1.jpg","datePublished":"2021-01-22T14:29:06+00:00","dateModified":"2023-04-27T08:29:50+00:00","description":"Technik programista to idealny zaw\u00f3d dla mi\u0142o\u015bnik\u00f3w nowoczesnych technologii, komputer\u00f3w, aplikacji internetowych i mobilnych, czyli szeroko rozumianej bran\u017cy IT. Programowanie obecnie rz\u0105dzi \u015bwiatem. Kod nap\u0119dza biznes, o\u017cywia maszyny, steruje robotami, automatyzuje procesy, rz\u0105dzi produkcj\u0105, stanowi DNA gier, kontroluje inteligentne domy. Programi\u015bci praktycznie tworz\u0105 \u015bwiat XXI wieku, dlatego jako technik programista b\u0119dziesz mie\u0107 mo\u017cliwo\u015b\u0107 nie tylko bardzo szybko znale\u017a\u0107 prac\u0119, ale te\u017c pracowa\u0107 zdalnie, za\u0142o\u017cy\u0107 w\u0142asn\u0105 firm\u0119, a tak\u017ce rozwija\u0107 si\u0119 dalej na studiach.","breadcrumb":{"@id":"https:\/\/zsp5.edu.pl\/?page_id=519#breadcrumb"},"inLanguage":"pl-PL","potentialAction":[{"@type":"ReadAction","target":["https:\/\/zsp5.edu.pl\/?page_id=519"]}]},{"@type":"ImageObject","inLanguage":"pl-PL","@id":"https:\/\/zsp5.edu.pl\/?page_id=519#primaryimage","url":"https:\/\/zsp5.edu.pl\/wp-content\/uploads\/2022\/05\/stypendium1.jpg","contentUrl":"https:\/\/zsp5.edu.pl\/wp-content\/uploads\/2022\/05\/stypendium1.jpg","width":730,"height":534,"caption":"P"},{"@type":"BreadcrumbList","@id":"https:\/\/zsp5.edu.pl\/?page_id=519#breadcrumb","itemListElement":[{"@type":"ListItem","position":1,"name":"Strona g\u0142\u00f3wna","item":"https:\/\/zsp5.edu.pl\/"},{"@type":"ListItem","position":2,"name":"Technik programista z robotyk\u0105"}]},{"@type":"WebSite","@id":"https:\/\/zsp5.edu.pl\/#website","url":"https:\/\/zsp5.edu.pl\/","name":"Zesp\u00f3\u0142 Szk\u00f3\u0142 Ponadpodstawowych Nr 5","description":"im. gen. W\u0142adys\u0142awa Sikorskiego","potentialAction":[{"@type":"SearchAction","target":{"@type":"EntryPoint","urlTemplate":"https:\/\/zsp5.edu.pl\/?s={search_term_string}"},"query-input":"required name=search_term_string"}],"inLanguage":"pl-PL"}]}},"_links":{"self":[{"href":"https:\/\/zsp5.edu.pl\/index.php?rest_route=\/wp\/v2\/pages\/519","targetHints":{"allow":["GET"]}}],"collection":[{"href":"https:\/\/zsp5.edu.pl\/index.php?rest_route=\/wp\/v2\/pages"}],"about":[{"href":"https:\/\/zsp5.edu.pl\/index.php?rest_route=\/wp\/v2\/types\/page"}],"author":[{"embeddable":true,"href":"https:\/\/zsp5.edu.pl\/index.php?rest_route=\/wp\/v2\/users\/1"}],"replies":[{"embeddable":true,"href":"https:\/\/zsp5.edu.pl\/index.php?rest_route=%2Fwp%2Fv2%2Fcomments&post=519"}],"version-history":[{"count":16,"href":"https:\/\/zsp5.edu.pl\/index.php?rest_route=\/wp\/v2\/pages\/519\/revisions"}],"predecessor-version":[{"id":5847,"href":"https:\/\/zsp5.edu.pl\/index.php?rest_route=\/wp\/v2\/pages\/519\/revisions\/5847"}],"wp:attachment":[{"href":"https:\/\/zsp5.edu.pl\/index.php?rest_route=%2Fwp%2Fv2%2Fmedia&parent=519"}],"curies":[{"name":"wp","href":"https:\/\/api.w.org\/{rel}","templated":true}]}}