{"id":891,"date":"2021-03-01T19:20:55","date_gmt":"2021-03-01T18:20:55","guid":{"rendered":"http:\/\/new.zsp5.aplus.pl\/?page_id=891"},"modified":"2021-03-01T19:20:55","modified_gmt":"2021-03-01T18:20:55","slug":"branzowa-szkola-ii-stopnia-nr-5","status":"publish","type":"page","link":"https:\/\/zsp5.edu.pl\/?page_id=891","title":{"rendered":"Bran\u017cowa szko\u0142a II stopnia nr 5"},"content":{"rendered":"","protected":false},"excerpt":{"rendered":"","protected":false},"author":1,"featured_media":0,"parent":0,"menu_order":0,"comment_status":"closed","ping_status":"closed","template":"","meta":{"inline_featured_image":false,"footnotes":""},"class_list":["post-891","page","type-page","status-publish","hentry"],"yoast_head":"<!-- This site is optimized with the Yoast SEO plugin v23.1 - https:\/\/yoast.com\/wordpress\/plugins\/seo\/ -->\n<title>Bran\u017cowa szko\u0142a II stopnia nr 5 - Zesp\u00f3\u0142 Szk\u00f3\u0142 Ponadpodstawowych Nr 5<\/title>\n<meta name=\"robots\" content=\"index, follow, max-snippet:-1, max-image-preview:large, max-video-preview:-1\" \/>\n<link rel=\"canonical\" href=\"https:\/\/zsp5.edu.pl\/?page_id=891\" \/>\n<meta property=\"og:locale\" content=\"pl_PL\" \/>\n<meta property=\"og:type\" content=\"article\" \/>\n<meta property=\"og:title\" content=\"Bran\u017cowa szko\u0142a II stopnia nr 5 - Zesp\u00f3\u0142 Szk\u00f3\u0142 Ponadpodstawowych Nr 5\" \/>\n<meta property=\"og:url\" content=\"https:\/\/zsp5.edu.pl\/?page_id=891\" \/>\n<meta property=\"og:site_name\" content=\"Zesp\u00f3\u0142 Szk\u00f3\u0142 Ponadpodstawowych Nr 5\" \/>\n<meta name=\"twitter:card\" content=\"summary_large_image\" \/>\n<script type=\"application\/ld+json\" class=\"yoast-schema-graph\">{\"@context\":\"https:\/\/schema.org\",\"@graph\":[{\"@type\":\"WebPage\",\"@id\":\"https:\/\/zsp5.edu.pl\/?page_id=891\",\"url\":\"https:\/\/zsp5.edu.pl\/?page_id=891\",\"name\":\"Bran\u017cowa szko\u0142a II stopnia nr 5 - Zesp\u00f3\u0142 Szk\u00f3\u0142 Ponadpodstawowych Nr 5\",\"isPartOf\":{\"@id\":\"https:\/\/zsp5.edu.pl\/#website\"},\"datePublished\":\"2021-03-01T18:20:55+00:00\",\"dateModified\":\"2021-03-01T18:20:55+00:00\",\"breadcrumb\":{\"@id\":\"https:\/\/zsp5.edu.pl\/?page_id=891#breadcrumb\"},\"inLanguage\":\"pl-PL\",\"potentialAction\":[{\"@type\":\"ReadAction\",\"target\":[\"https:\/\/zsp5.edu.pl\/?page_id=891\"]}]},{\"@type\":\"BreadcrumbList\",\"@id\":\"https:\/\/zsp5.edu.pl\/?page_id=891#breadcrumb\",\"itemListElement\":[{\"@type\":\"ListItem\",\"position\":1,\"name\":\"Strona g\u0142\u00f3wna\",\"item\":\"https:\/\/zsp5.edu.pl\/\"},{\"@type\":\"ListItem\",\"position\":2,\"name\":\"Bran\u017cowa szko\u0142a II stopnia nr 5\"}]},{\"@type\":\"WebSite\",\"@id\":\"https:\/\/zsp5.edu.pl\/#website\",\"url\":\"https:\/\/zsp5.edu.pl\/\",\"name\":\"Zesp\u00f3\u0142 Szk\u00f3\u0142 Ponadpodstawowych Nr 5\",\"description\":\"im. gen. W\u0142adys\u0142awa Sikorskiego\",\"potentialAction\":[{\"@type\":\"SearchAction\",\"target\":{\"@type\":\"EntryPoint\",\"urlTemplate\":\"https:\/\/zsp5.edu.pl\/?s={search_term_string}\"},\"query-input\":\"required name=search_term_string\"}],\"inLanguage\":\"pl-PL\"}]}<\/script>\n<!-- \/ Yoast SEO plugin. -->","yoast_head_json":{"title":"Bran\u017cowa szko\u0142a II stopnia nr 5 - Zesp\u00f3\u0142 Szk\u00f3\u0142 Ponadpodstawowych Nr 5","robots":{"index":"index","follow":"follow","max-snippet":"max-snippet:-1","max-image-preview":"max-image-preview:large","max-video-preview":"max-video-preview:-1"},"canonical":"https:\/\/zsp5.edu.pl\/?page_id=891","og_locale":"pl_PL","og_type":"article","og_title":"Bran\u017cowa szko\u0142a II stopnia nr 5 - Zesp\u00f3\u0142 Szk\u00f3\u0142 Ponadpodstawowych Nr 5","og_url":"https:\/\/zsp5.edu.pl\/?page_id=891","og_site_name":"Zesp\u00f3\u0142 Szk\u00f3\u0142 Ponadpodstawowych Nr 5","twitter_card":"summary_large_image","schema":{"@context":"https:\/\/schema.org","@graph":[{"@type":"WebPage","@id":"https:\/\/zsp5.edu.pl\/?page_id=891","url":"https:\/\/zsp5.edu.pl\/?page_id=891","name":"Bran\u017cowa szko\u0142a II stopnia nr 5 - Zesp\u00f3\u0142 Szk\u00f3\u0142 Ponadpodstawowych Nr 5","isPartOf":{"@id":"https:\/\/zsp5.edu.pl\/#website"},"datePublished":"2021-03-01T18:20:55+00:00","dateModified":"2021-03-01T18:20:55+00:00","breadcrumb":{"@id":"https:\/\/zsp5.edu.pl\/?page_id=891#breadcrumb"},"inLanguage":"pl-PL","potentialAction":[{"@type":"ReadAction","target":["https:\/\/zsp5.edu.pl\/?page_id=891"]}]},{"@type":"BreadcrumbList","@id":"https:\/\/zsp5.edu.pl\/?page_id=891#breadcrumb","itemListElement":[{"@type":"ListItem","position":1,"name":"Strona g\u0142\u00f3wna","item":"https:\/\/zsp5.edu.pl\/"},{"@type":"ListItem","position":2,"name":"Bran\u017cowa szko\u0142a II stopnia nr 5"}]},{"@type":"WebSite","@id":"https:\/\/zsp5.edu.pl\/#website","url":"https:\/\/zsp5.edu.pl\/","name":"Zesp\u00f3\u0142 Szk\u00f3\u0142 Ponadpodstawowych Nr 5","description":"im. gen. W\u0142adys\u0142awa Sikorskiego","potentialAction":[{"@type":"SearchAction","target":{"@type":"EntryPoint","urlTemplate":"https:\/\/zsp5.edu.pl\/?s={search_term_string}"},"query-input":"required name=search_term_string"}],"inLanguage":"pl-PL"}]}},"_links":{"self":[{"href":"https:\/\/zsp5.edu.pl\/index.php?rest_route=\/wp\/v2\/pages\/891","targetHints":{"allow":["GET"]}}],"collection":[{"href":"https:\/\/zsp5.edu.pl\/index.php?rest_route=\/wp\/v2\/pages"}],"about":[{"href":"https:\/\/zsp5.edu.pl\/index.php?rest_route=\/wp\/v2\/types\/page"}],"author":[{"embeddable":true,"href":"https:\/\/zsp5.edu.pl\/index.php?rest_route=\/wp\/v2\/users\/1"}],"replies":[{"embeddable":true,"href":"https:\/\/zsp5.edu.pl\/index.php?rest_route=%2Fwp%2Fv2%2Fcomments&post=891"}],"version-history":[{"count":2,"href":"https:\/\/zsp5.edu.pl\/index.php?rest_route=\/wp\/v2\/pages\/891\/revisions"}],"predecessor-version":[{"id":1144,"href":"https:\/\/zsp5.edu.pl\/index.php?rest_route=\/wp\/v2\/pages\/891\/revisions\/1144"}],"wp:attachment":[{"href":"https:\/\/zsp5.edu.pl\/index.php?rest_route=%2Fwp%2Fv2%2Fmedia&parent=891"}],"curies":[{"name":"wp","href":"https:\/\/api.w.org\/{rel}","templated":true}]}}