{"id":914,"date":"2021-03-01T19:34:25","date_gmt":"2021-03-01T18:34:25","guid":{"rendered":"http:\/\/new.zsp5.aplus.pl\/?page_id=914"},"modified":"2021-03-01T20:18:18","modified_gmt":"2021-03-01T19:18:18","slug":"fryzjer","status":"publish","type":"page","link":"https:\/\/zsp5.edu.pl\/?page_id=914","title":{"rendered":"Fryzjer"},"content":{"rendered":"\n<p class=\"has-drop-cap\">Fryzjer jest osob\u0105, kt\u00f3ra zawodowo zajmuje si\u0119 uk\u0142adaniem fryzur zgodnie z \u017cyczeniem klienta. W pierwszej kolejno\u015bci doradza wyb\u00f3r odpowiedniej fryzury, dopasowanej do kszta\u0142tu twarzy klienta i jego kolorystyki lub proponuje odpowiednie modyfikacje.<\/p>\n\n\n\n<p>Zadaniem fryzjera jest odpowiednie ostrzy\u017cenie i wymodelowanie w\u0142os\u00f3w, aby osi\u0105gn\u0105\u0107 efekt oczekiwany przez klienta. Obok strzy\u017cenia i uk\u0142adania w\u0142os\u00f3w, fryzjerzy zajmuj\u0105 si\u0119 tak\u017ce wszelkimi rodzajami koloryzacji w\u0142os\u00f3w \u2013 farbowaniem, rozja\u015bnianiem, tworzeniem pasemek, baleja\u017cem, dekoloryzacj\u0105. W wielu nowoczesnych, ekskluzywnych salonach fryzjerskich mycie w\u0142os\u00f3w po\u0142\u0105czone jest z szeregiem dodatkowych us\u0142ug takich jak masa\u017c g\u0142owy, zastosowanie odpowiednich \u015brodk\u00f3w piel\u0119gnacyjnych. Wiele salon\u00f3w oferuje r\u00f3wnie\u017c us\u0142ugi zwi\u0105zane z przed\u0142u\u017caniem lub zag\u0119szczaniem w\u0142os\u00f3w czy zabiegami regeneracyjnymi w\u0142os\u00f3w zniszczonych.<\/p>\n\n\n\n<p>Fryzjer zajmuje si\u0119 r\u00f3wnie\u017c tworzeniem fryzur okoliczno\u015bciowych, tworzonych na specjalne okazje takie jak \u015bluby, komunie, sylwester, chrzciny. Doradza klientom w doborze najlepszych \u015brodk\u00f3w piel\u0119gnacyjnych oraz we w\u0142a\u015bciwym dbaniu o wykonan\u0105 fryzur\u0119.<\/p>\n\n\n\n<p>Zaw\u00f3d fryzjera to zaw\u00f3d manualny, wymagaj\u0105cy pewnych umiej\u0119tno\u015bci (np. odpowiednie trzymanie no\u017cyczek, grzebienia, suszarki itd.), kt\u00f3re mo\u017cna posi\u0105\u015b\u0107 tylko poprzez wielokrotnie powtarzane \u0107wiczenia.<\/p>\n\n\n\n<p>Dlatego te\u017c opr\u00f3cz zaj\u0119\u0107 teoretycznych k\u0142adzie si\u0119 przede wszystkim nacisk na solidn\u0105 praktyk\u0119, kt\u00f3ra jest prowadzona w pracowni fryzjerskiej przez profesjonalnych, maj\u0105cych w\u0142asne salony fryzjer\u00f3w.<\/p>\n\n\n\n<p>Uczniowie s\u0105 przygotowani do pracy w zawodzie i do prowadzenia swoich salon\u00f3w. Zdobywaj\u0105 bowiem umiej\u0119tno\u015bci wykonywania pe\u0142nego zakresu us\u0142ug fryzjerskich, oceny jako\u015bci \u015brodk\u00f3w kosmetycznych, doboru, obs\u0142ugi i konserwacji urz\u0105dze\u0144 i przyrz\u0105d\u00f3w fryzjerskich, a tak\u017ce umiej\u0119tno\u015bci fryzjerskie: doboru fryzur w oparciu o zasady antropometrii, doboru kolorystyki w\u0142os\u00f3w, makija\u017cu i ubioru w zale\u017cno\u015bci od typu urody, doboru zabieg\u00f3w piel\u0119gnacyjnych do rodzaju w\u0142os\u00f3w i sk\u00f3ry.<\/p>\n\n\n\n<p>Absolwent fryzjerstwa mo\u017ce pracowa\u0107 w r\u00f3\u017cnych zak\u0142adach fryzjerskich (damskich, m\u0119skich), albo prowadzi\u0107 dzia\u0142alno\u015b\u0107 na w\u0142asny rachunek.<\/p>\n","protected":false},"excerpt":{"rendered":"<p>Fryzjer jest osob\u0105, kt\u00f3ra zawodowo zajmuje si\u0119 uk\u0142adaniem fryzur zgodnie z \u017cyczeniem klienta. W pierwszej kolejno\u015bci doradza wyb\u00f3r odpowiedniej fryzury,<\/p>\n","protected":false},"author":1,"featured_media":0,"parent":0,"menu_order":0,"comment_status":"closed","ping_status":"closed","template":"","meta":{"inline_featured_image":false,"footnotes":""},"class_list":["post-914","page","type-page","status-publish","hentry"],"yoast_head":"<!-- This site is optimized with the Yoast SEO plugin v23.1 - https:\/\/yoast.com\/wordpress\/plugins\/seo\/ -->\n<title>Fryzjer - Zesp\u00f3\u0142 Szk\u00f3\u0142 Ponadpodstawowych Nr 5<\/title>\n<meta name=\"robots\" content=\"index, follow, max-snippet:-1, max-image-preview:large, max-video-preview:-1\" \/>\n<link rel=\"canonical\" href=\"https:\/\/zsp5.edu.pl\/?page_id=914\" \/>\n<meta property=\"og:locale\" content=\"pl_PL\" \/>\n<meta property=\"og:type\" content=\"article\" \/>\n<meta property=\"og:title\" content=\"Fryzjer - Zesp\u00f3\u0142 Szk\u00f3\u0142 Ponadpodstawowych Nr 5\" \/>\n<meta property=\"og:description\" content=\"Fryzjer jest osob\u0105, kt\u00f3ra zawodowo zajmuje si\u0119 uk\u0142adaniem fryzur zgodnie z \u017cyczeniem klienta. W pierwszej kolejno\u015bci doradza wyb\u00f3r odpowiedniej fryzury,\" \/>\n<meta property=\"og:url\" content=\"https:\/\/zsp5.edu.pl\/?page_id=914\" \/>\n<meta property=\"og:site_name\" content=\"Zesp\u00f3\u0142 Szk\u00f3\u0142 Ponadpodstawowych Nr 5\" \/>\n<meta property=\"article:modified_time\" content=\"2021-03-01T19:18:18+00:00\" \/>\n<meta name=\"twitter:card\" content=\"summary_large_image\" \/>\n<meta name=\"twitter:label1\" content=\"Szacowany czas czytania\" \/>\n\t<meta name=\"twitter:data1\" content=\"2 minuty\" \/>\n<script type=\"application\/ld+json\" class=\"yoast-schema-graph\">{\"@context\":\"https:\/\/schema.org\",\"@graph\":[{\"@type\":\"WebPage\",\"@id\":\"https:\/\/zsp5.edu.pl\/?page_id=914\",\"url\":\"https:\/\/zsp5.edu.pl\/?page_id=914\",\"name\":\"Fryzjer - Zesp\u00f3\u0142 Szk\u00f3\u0142 Ponadpodstawowych Nr 5\",\"isPartOf\":{\"@id\":\"https:\/\/zsp5.edu.pl\/#website\"},\"datePublished\":\"2021-03-01T18:34:25+00:00\",\"dateModified\":\"2021-03-01T19:18:18+00:00\",\"breadcrumb\":{\"@id\":\"https:\/\/zsp5.edu.pl\/?page_id=914#breadcrumb\"},\"inLanguage\":\"pl-PL\",\"potentialAction\":[{\"@type\":\"ReadAction\",\"target\":[\"https:\/\/zsp5.edu.pl\/?page_id=914\"]}]},{\"@type\":\"BreadcrumbList\",\"@id\":\"https:\/\/zsp5.edu.pl\/?page_id=914#breadcrumb\",\"itemListElement\":[{\"@type\":\"ListItem\",\"position\":1,\"name\":\"Strona g\u0142\u00f3wna\",\"item\":\"https:\/\/zsp5.edu.pl\/\"},{\"@type\":\"ListItem\",\"position\":2,\"name\":\"Fryzjer\"}]},{\"@type\":\"WebSite\",\"@id\":\"https:\/\/zsp5.edu.pl\/#website\",\"url\":\"https:\/\/zsp5.edu.pl\/\",\"name\":\"Zesp\u00f3\u0142 Szk\u00f3\u0142 Ponadpodstawowych Nr 5\",\"description\":\"im. gen. W\u0142adys\u0142awa Sikorskiego\",\"potentialAction\":[{\"@type\":\"SearchAction\",\"target\":{\"@type\":\"EntryPoint\",\"urlTemplate\":\"https:\/\/zsp5.edu.pl\/?s={search_term_string}\"},\"query-input\":\"required name=search_term_string\"}],\"inLanguage\":\"pl-PL\"}]}<\/script>\n<!-- \/ Yoast SEO plugin. -->","yoast_head_json":{"title":"Fryzjer - Zesp\u00f3\u0142 Szk\u00f3\u0142 Ponadpodstawowych Nr 5","robots":{"index":"index","follow":"follow","max-snippet":"max-snippet:-1","max-image-preview":"max-image-preview:large","max-video-preview":"max-video-preview:-1"},"canonical":"https:\/\/zsp5.edu.pl\/?page_id=914","og_locale":"pl_PL","og_type":"article","og_title":"Fryzjer - Zesp\u00f3\u0142 Szk\u00f3\u0142 Ponadpodstawowych Nr 5","og_description":"Fryzjer jest osob\u0105, kt\u00f3ra zawodowo zajmuje si\u0119 uk\u0142adaniem fryzur zgodnie z \u017cyczeniem klienta. W pierwszej kolejno\u015bci doradza wyb\u00f3r odpowiedniej fryzury,","og_url":"https:\/\/zsp5.edu.pl\/?page_id=914","og_site_name":"Zesp\u00f3\u0142 Szk\u00f3\u0142 Ponadpodstawowych Nr 5","article_modified_time":"2021-03-01T19:18:18+00:00","twitter_card":"summary_large_image","twitter_misc":{"Szacowany czas czytania":"2 minuty"},"schema":{"@context":"https:\/\/schema.org","@graph":[{"@type":"WebPage","@id":"https:\/\/zsp5.edu.pl\/?page_id=914","url":"https:\/\/zsp5.edu.pl\/?page_id=914","name":"Fryzjer - Zesp\u00f3\u0142 Szk\u00f3\u0142 Ponadpodstawowych Nr 5","isPartOf":{"@id":"https:\/\/zsp5.edu.pl\/#website"},"datePublished":"2021-03-01T18:34:25+00:00","dateModified":"2021-03-01T19:18:18+00:00","breadcrumb":{"@id":"https:\/\/zsp5.edu.pl\/?page_id=914#breadcrumb"},"inLanguage":"pl-PL","potentialAction":[{"@type":"ReadAction","target":["https:\/\/zsp5.edu.pl\/?page_id=914"]}]},{"@type":"BreadcrumbList","@id":"https:\/\/zsp5.edu.pl\/?page_id=914#breadcrumb","itemListElement":[{"@type":"ListItem","position":1,"name":"Strona g\u0142\u00f3wna","item":"https:\/\/zsp5.edu.pl\/"},{"@type":"ListItem","position":2,"name":"Fryzjer"}]},{"@type":"WebSite","@id":"https:\/\/zsp5.edu.pl\/#website","url":"https:\/\/zsp5.edu.pl\/","name":"Zesp\u00f3\u0142 Szk\u00f3\u0142 Ponadpodstawowych Nr 5","description":"im. gen. W\u0142adys\u0142awa Sikorskiego","potentialAction":[{"@type":"SearchAction","target":{"@type":"EntryPoint","urlTemplate":"https:\/\/zsp5.edu.pl\/?s={search_term_string}"},"query-input":"required name=search_term_string"}],"inLanguage":"pl-PL"}]}},"_links":{"self":[{"href":"https:\/\/zsp5.edu.pl\/index.php?rest_route=\/wp\/v2\/pages\/914","targetHints":{"allow":["GET"]}}],"collection":[{"href":"https:\/\/zsp5.edu.pl\/index.php?rest_route=\/wp\/v2\/pages"}],"about":[{"href":"https:\/\/zsp5.edu.pl\/index.php?rest_route=\/wp\/v2\/types\/page"}],"author":[{"embeddable":true,"href":"https:\/\/zsp5.edu.pl\/index.php?rest_route=\/wp\/v2\/users\/1"}],"replies":[{"embeddable":true,"href":"https:\/\/zsp5.edu.pl\/index.php?rest_route=%2Fwp%2Fv2%2Fcomments&post=914"}],"version-history":[{"count":2,"href":"https:\/\/zsp5.edu.pl\/index.php?rest_route=\/wp\/v2\/pages\/914\/revisions"}],"predecessor-version":[{"id":970,"href":"https:\/\/zsp5.edu.pl\/index.php?rest_route=\/wp\/v2\/pages\/914\/revisions\/970"}],"wp:attachment":[{"href":"https:\/\/zsp5.edu.pl\/index.php?rest_route=%2Fwp%2Fv2%2Fmedia&parent=914"}],"curies":[{"name":"wp","href":"https:\/\/api.w.org\/{rel}","templated":true}]}}