{"id":926,"date":"2021-03-01T19:36:07","date_gmt":"2021-03-01T18:36:07","guid":{"rendered":"http:\/\/new.zsp5.aplus.pl\/?page_id=926"},"modified":"2021-04-04T12:23:17","modified_gmt":"2021-04-04T10:23:17","slug":"monter-sieci-instalacji-i-urzadzen-sanitarnych","status":"publish","type":"page","link":"https:\/\/zsp5.edu.pl\/?page_id=926","title":{"rendered":"Monter sieci instalacji i urz\u0105dze\u0144 sanitarnych"},"content":{"rendered":"\n<p class=\"has-drop-cap\" id=\"paragraph_SIcMNVCVkM1\">Monter sieci instalacji i urz\u0105dze\u0144 sanitarnych to osoba, kt\u00f3ra zak\u0142ada i dba o prawid\u0142owe funkcjonowanie instalacji grzewczych i wodno-kanalizacyjnych w obiektach mieszkalnych, biurowych i przemys\u0142owych. Do g\u0142\u00f3wnych jego obowi\u0105zk\u00f3w nale\u017cy miedzy innymi oczyszczanie, malowanie i konserwowanie przewod\u00f3w; lutowanie, \u0142\u0105czenie rur; mierzenie i ich docinanie, nawiercanie otwor\u00f3w. M\u0142odzie\u017c uczy si\u0119 tak\u017ce gwintowania, szlifowania i gi\u0119cia rur, uszczelniania z\u0142\u0105cz kielichowych.<\/p>\n\n\n\n<p id=\"paragraph_o3Ulkj72nMA\">Inn\u0105 dziedzin\u0105, w kt\u00f3rej \u0107wicz\u0105 si\u0119 uczniowie r\u00f3wnie\u017c na zaj\u0119ciach w warsztatach jest spawanie i lutowanie oraz monta\u017c grzejnik\u00f3w, umywalek, wanien i baterii. Monterzy sieci<\/p>\n\n\n\n<p id=\"paragraph_Kh1mJfGz89B\">i urz\u0105dze\u0144 sanitarnych ucz\u0105 si\u0119 reagowa\u0107 na awarie, wymienia\u0107 i naprawia\u0107 uszkodzone fragmenty instalacji i urz\u0105dze\u0144, wyznacza\u0107 miejsca i trasy instalacji, montowa\u0107 piece grzewcze i pompy.<\/p>\n\n\n\n<p id=\"paragraph_7o1mJfWz89B\">Specjalist\u00f3w tej bran\u017cy ch\u0119tnie zatrudniaj\u0105 firmy budowlano-remontowe, instalacyjne. Poszukiwani s\u0105 tak\u017ce przez warsztaty rzemie\u015blnicze. Monterzy sieci i urz\u0105dze\u0144 sanitarnych doskonale prosperuj\u0105 prowadz\u0105c w\u0142asn\u0105 dzia\u0142alno\u015b\u0107 gospodarcz\u0105.<\/p>\n\n\n\n<div class=\"wp-block-image\"><figure class=\"aligncenter size-large\"><img loading=\"lazy\" decoding=\"async\" width=\"1024\" height=\"768\" src=\"https:\/\/zsp5.edu.pl\/wp-content\/uploads\/2021\/04\/0DIgq-TYqO5ea3-1024x768.jpg\" alt=\"\" class=\"wp-image-1293\" srcset=\"https:\/\/zsp5.edu.pl\/wp-content\/uploads\/2021\/04\/0DIgq-TYqO5ea3-1024x768.jpg 1024w, https:\/\/zsp5.edu.pl\/wp-content\/uploads\/2021\/04\/0DIgq-TYqO5ea3-300x225.jpg 300w, https:\/\/zsp5.edu.pl\/wp-content\/uploads\/2021\/04\/0DIgq-TYqO5ea3-768x576.jpg 768w, https:\/\/zsp5.edu.pl\/wp-content\/uploads\/2021\/04\/0DIgq-TYqO5ea3-1536x1152.jpg 1536w, https:\/\/zsp5.edu.pl\/wp-content\/uploads\/2021\/04\/0DIgq-TYqO5ea3-2048x1536.jpg 2048w\" sizes=\"auto, (max-width: 1024px) 100vw, 1024px\" \/><\/figure><\/div>\n\n\n\n<p><\/p>\n","protected":false},"excerpt":{"rendered":"<p>Monter sieci instalacji i urz\u0105dze\u0144 sanitarnych to osoba, kt\u00f3ra zak\u0142ada i dba o prawid\u0142owe funkcjonowanie instalacji grzewczych i wodno-kanalizacyjnych w obiektach mieszkalnych, biurowych i przemys\u0142owych. Do g\u0142\u00f3wnych jego obowi\u0105zk\u00f3w nale\u017cy miedzy innymi oczyszczanie, malowanie i konserwowanie przewod\u00f3w; lutowanie, \u0142\u0105czenie rur; mierzenie i ich docinanie, nawiercanie otwor\u00f3w. M\u0142odzie\u017c uczy si\u0119 tak\u017ce gwintowania, szlifowania i gi\u0119cia rur, uszczelniania z\u0142\u0105cz kielichowych.<\/p>\n","protected":false},"author":1,"featured_media":0,"parent":0,"menu_order":0,"comment_status":"closed","ping_status":"closed","template":"","meta":{"inline_featured_image":false,"footnotes":""},"class_list":["post-926","page","type-page","status-publish","hentry"],"yoast_head":"<!-- This site is optimized with the Yoast SEO plugin v23.1 - https:\/\/yoast.com\/wordpress\/plugins\/seo\/ -->\n<title>Monter sieci instalacji i urz\u0105dze\u0144 sanitarnych - Zesp\u00f3\u0142 Szk\u00f3\u0142 Ponadpodstawowych Nr 5<\/title>\n<meta name=\"robots\" content=\"index, follow, max-snippet:-1, max-image-preview:large, max-video-preview:-1\" \/>\n<link rel=\"canonical\" href=\"https:\/\/zsp5.edu.pl\/?page_id=926\" \/>\n<meta property=\"og:locale\" content=\"pl_PL\" \/>\n<meta property=\"og:type\" content=\"article\" \/>\n<meta property=\"og:title\" content=\"Monter sieci instalacji i urz\u0105dze\u0144 sanitarnych - Zesp\u00f3\u0142 Szk\u00f3\u0142 Ponadpodstawowych Nr 5\" \/>\n<meta property=\"og:description\" content=\"Monter sieci instalacji i urz\u0105dze\u0144 sanitarnych to osoba, kt\u00f3ra zak\u0142ada i dba o prawid\u0142owe funkcjonowanie instalacji grzewczych i wodno-kanalizacyjnych w obiektach mieszkalnych, biurowych i przemys\u0142owych. Do g\u0142\u00f3wnych jego obowi\u0105zk\u00f3w nale\u017cy miedzy innymi oczyszczanie, malowanie i konserwowanie przewod\u00f3w; lutowanie, \u0142\u0105czenie rur; mierzenie i ich docinanie, nawiercanie otwor\u00f3w. M\u0142odzie\u017c uczy si\u0119 tak\u017ce gwintowania, szlifowania i gi\u0119cia rur, uszczelniania z\u0142\u0105cz kielichowych.\" \/>\n<meta property=\"og:url\" content=\"https:\/\/zsp5.edu.pl\/?page_id=926\" \/>\n<meta property=\"og:site_name\" content=\"Zesp\u00f3\u0142 Szk\u00f3\u0142 Ponadpodstawowych Nr 5\" \/>\n<meta property=\"article:modified_time\" content=\"2021-04-04T10:23:17+00:00\" \/>\n<meta property=\"og:image\" content=\"http:\/\/zsp5.edu.pl\/wp-content\/uploads\/2021\/04\/0DIgq-TYqO5ea3-1024x768.jpg\" \/>\n<meta name=\"twitter:card\" content=\"summary_large_image\" \/>\n<meta name=\"twitter:label1\" content=\"Szacowany czas czytania\" \/>\n\t<meta name=\"twitter:data1\" content=\"1 minuta\" \/>\n<script type=\"application\/ld+json\" class=\"yoast-schema-graph\">{\"@context\":\"https:\/\/schema.org\",\"@graph\":[{\"@type\":\"WebPage\",\"@id\":\"https:\/\/zsp5.edu.pl\/?page_id=926\",\"url\":\"https:\/\/zsp5.edu.pl\/?page_id=926\",\"name\":\"Monter sieci instalacji i urz\u0105dze\u0144 sanitarnych - Zesp\u00f3\u0142 Szk\u00f3\u0142 Ponadpodstawowych Nr 5\",\"isPartOf\":{\"@id\":\"https:\/\/zsp5.edu.pl\/#website\"},\"primaryImageOfPage\":{\"@id\":\"https:\/\/zsp5.edu.pl\/?page_id=926#primaryimage\"},\"image\":{\"@id\":\"https:\/\/zsp5.edu.pl\/?page_id=926#primaryimage\"},\"thumbnailUrl\":\"http:\/\/zsp5.edu.pl\/wp-content\/uploads\/2021\/04\/0DIgq-TYqO5ea3-1024x768.jpg\",\"datePublished\":\"2021-03-01T18:36:07+00:00\",\"dateModified\":\"2021-04-04T10:23:17+00:00\",\"breadcrumb\":{\"@id\":\"https:\/\/zsp5.edu.pl\/?page_id=926#breadcrumb\"},\"inLanguage\":\"pl-PL\",\"potentialAction\":[{\"@type\":\"ReadAction\",\"target\":[\"https:\/\/zsp5.edu.pl\/?page_id=926\"]}]},{\"@type\":\"ImageObject\",\"inLanguage\":\"pl-PL\",\"@id\":\"https:\/\/zsp5.edu.pl\/?page_id=926#primaryimage\",\"url\":\"https:\/\/zsp5.edu.pl\/wp-content\/uploads\/2021\/04\/0DIgq-TYqO5ea3.jpg\",\"contentUrl\":\"https:\/\/zsp5.edu.pl\/wp-content\/uploads\/2021\/04\/0DIgq-TYqO5ea3.jpg\",\"width\":2427,\"height\":1820},{\"@type\":\"BreadcrumbList\",\"@id\":\"https:\/\/zsp5.edu.pl\/?page_id=926#breadcrumb\",\"itemListElement\":[{\"@type\":\"ListItem\",\"position\":1,\"name\":\"Strona g\u0142\u00f3wna\",\"item\":\"https:\/\/zsp5.edu.pl\/\"},{\"@type\":\"ListItem\",\"position\":2,\"name\":\"Monter sieci instalacji i urz\u0105dze\u0144 sanitarnych\"}]},{\"@type\":\"WebSite\",\"@id\":\"https:\/\/zsp5.edu.pl\/#website\",\"url\":\"https:\/\/zsp5.edu.pl\/\",\"name\":\"Zesp\u00f3\u0142 Szk\u00f3\u0142 Ponadpodstawowych Nr 5\",\"description\":\"im. gen. W\u0142adys\u0142awa Sikorskiego\",\"potentialAction\":[{\"@type\":\"SearchAction\",\"target\":{\"@type\":\"EntryPoint\",\"urlTemplate\":\"https:\/\/zsp5.edu.pl\/?s={search_term_string}\"},\"query-input\":\"required name=search_term_string\"}],\"inLanguage\":\"pl-PL\"}]}<\/script>\n<!-- \/ Yoast SEO plugin. -->","yoast_head_json":{"title":"Monter sieci instalacji i urz\u0105dze\u0144 sanitarnych - Zesp\u00f3\u0142 Szk\u00f3\u0142 Ponadpodstawowych Nr 5","robots":{"index":"index","follow":"follow","max-snippet":"max-snippet:-1","max-image-preview":"max-image-preview:large","max-video-preview":"max-video-preview:-1"},"canonical":"https:\/\/zsp5.edu.pl\/?page_id=926","og_locale":"pl_PL","og_type":"article","og_title":"Monter sieci instalacji i urz\u0105dze\u0144 sanitarnych - Zesp\u00f3\u0142 Szk\u00f3\u0142 Ponadpodstawowych Nr 5","og_description":"Monter sieci instalacji i urz\u0105dze\u0144 sanitarnych to osoba, kt\u00f3ra zak\u0142ada i dba o prawid\u0142owe funkcjonowanie instalacji grzewczych i wodno-kanalizacyjnych w obiektach mieszkalnych, biurowych i przemys\u0142owych. Do g\u0142\u00f3wnych jego obowi\u0105zk\u00f3w nale\u017cy miedzy innymi oczyszczanie, malowanie i konserwowanie przewod\u00f3w; lutowanie, \u0142\u0105czenie rur; mierzenie i ich docinanie, nawiercanie otwor\u00f3w. M\u0142odzie\u017c uczy si\u0119 tak\u017ce gwintowania, szlifowania i gi\u0119cia rur, uszczelniania z\u0142\u0105cz kielichowych.","og_url":"https:\/\/zsp5.edu.pl\/?page_id=926","og_site_name":"Zesp\u00f3\u0142 Szk\u00f3\u0142 Ponadpodstawowych Nr 5","article_modified_time":"2021-04-04T10:23:17+00:00","og_image":[{"url":"http:\/\/zsp5.edu.pl\/wp-content\/uploads\/2021\/04\/0DIgq-TYqO5ea3-1024x768.jpg"}],"twitter_card":"summary_large_image","twitter_misc":{"Szacowany czas czytania":"1 minuta"},"schema":{"@context":"https:\/\/schema.org","@graph":[{"@type":"WebPage","@id":"https:\/\/zsp5.edu.pl\/?page_id=926","url":"https:\/\/zsp5.edu.pl\/?page_id=926","name":"Monter sieci instalacji i urz\u0105dze\u0144 sanitarnych - Zesp\u00f3\u0142 Szk\u00f3\u0142 Ponadpodstawowych Nr 5","isPartOf":{"@id":"https:\/\/zsp5.edu.pl\/#website"},"primaryImageOfPage":{"@id":"https:\/\/zsp5.edu.pl\/?page_id=926#primaryimage"},"image":{"@id":"https:\/\/zsp5.edu.pl\/?page_id=926#primaryimage"},"thumbnailUrl":"http:\/\/zsp5.edu.pl\/wp-content\/uploads\/2021\/04\/0DIgq-TYqO5ea3-1024x768.jpg","datePublished":"2021-03-01T18:36:07+00:00","dateModified":"2021-04-04T10:23:17+00:00","breadcrumb":{"@id":"https:\/\/zsp5.edu.pl\/?page_id=926#breadcrumb"},"inLanguage":"pl-PL","potentialAction":[{"@type":"ReadAction","target":["https:\/\/zsp5.edu.pl\/?page_id=926"]}]},{"@type":"ImageObject","inLanguage":"pl-PL","@id":"https:\/\/zsp5.edu.pl\/?page_id=926#primaryimage","url":"https:\/\/zsp5.edu.pl\/wp-content\/uploads\/2021\/04\/0DIgq-TYqO5ea3.jpg","contentUrl":"https:\/\/zsp5.edu.pl\/wp-content\/uploads\/2021\/04\/0DIgq-TYqO5ea3.jpg","width":2427,"height":1820},{"@type":"BreadcrumbList","@id":"https:\/\/zsp5.edu.pl\/?page_id=926#breadcrumb","itemListElement":[{"@type":"ListItem","position":1,"name":"Strona g\u0142\u00f3wna","item":"https:\/\/zsp5.edu.pl\/"},{"@type":"ListItem","position":2,"name":"Monter sieci instalacji i urz\u0105dze\u0144 sanitarnych"}]},{"@type":"WebSite","@id":"https:\/\/zsp5.edu.pl\/#website","url":"https:\/\/zsp5.edu.pl\/","name":"Zesp\u00f3\u0142 Szk\u00f3\u0142 Ponadpodstawowych Nr 5","description":"im. gen. W\u0142adys\u0142awa Sikorskiego","potentialAction":[{"@type":"SearchAction","target":{"@type":"EntryPoint","urlTemplate":"https:\/\/zsp5.edu.pl\/?s={search_term_string}"},"query-input":"required name=search_term_string"}],"inLanguage":"pl-PL"}]}},"_links":{"self":[{"href":"https:\/\/zsp5.edu.pl\/index.php?rest_route=\/wp\/v2\/pages\/926","targetHints":{"allow":["GET"]}}],"collection":[{"href":"https:\/\/zsp5.edu.pl\/index.php?rest_route=\/wp\/v2\/pages"}],"about":[{"href":"https:\/\/zsp5.edu.pl\/index.php?rest_route=\/wp\/v2\/types\/page"}],"author":[{"embeddable":true,"href":"https:\/\/zsp5.edu.pl\/index.php?rest_route=\/wp\/v2\/users\/1"}],"replies":[{"embeddable":true,"href":"https:\/\/zsp5.edu.pl\/index.php?rest_route=%2Fwp%2Fv2%2Fcomments&post=926"}],"version-history":[{"count":4,"href":"https:\/\/zsp5.edu.pl\/index.php?rest_route=\/wp\/v2\/pages\/926\/revisions"}],"predecessor-version":[{"id":1297,"href":"https:\/\/zsp5.edu.pl\/index.php?rest_route=\/wp\/v2\/pages\/926\/revisions\/1297"}],"wp:attachment":[{"href":"https:\/\/zsp5.edu.pl\/index.php?rest_route=%2Fwp%2Fv2%2Fmedia&parent=926"}],"curies":[{"name":"wp","href":"https:\/\/api.w.org\/{rel}","templated":true}]}}