{"id":9805,"date":"2026-03-09T12:16:42","date_gmt":"2026-03-09T11:16:42","guid":{"rendered":"http:\/\/zsp5.edu.pl\/?page_id=9805"},"modified":"2026-03-09T13:10:16","modified_gmt":"2026-03-09T12:10:16","slug":"technik-gospodarki-nieruchomosciami","status":"publish","type":"page","link":"https:\/\/zsp5.edu.pl\/?page_id=9805","title":{"rendered":"Technik gospodarki nieruchomo\u015bciami"},"content":{"rendered":"<h2 data-start=\"1239\" data-end=\"1282\">333405 \u2013 Technik gospodarki nieruchomo\u015bciami<img loading=\"lazy\" decoding=\"async\" class=\"\" src=\"https:\/\/pl.fotoomnia.com\/zdjecia\/e37e124cb398694611b2ac7fffc68e92.jpg\" alt=\"Fotoomnia.com - Nowo\u015b\u0107, napis, etykieta, ikona\" width=\"87\" height=\"87\" \/><\/h2>\n<p data-start=\"1284\" data-end=\"1558\"><strong data-start=\"1284\" data-end=\"1300\">Opis zawodu:<\/strong><br data-start=\"1300\" data-end=\"1303\" \/>Technik gospodarki nieruchomo\u015bciami zajmuje si\u0119 administrowaniem, zarz\u0105dzaniem oraz obs\u0142ug\u0105 rynku nieruchomo\u015bci. Prowadzi dokumentacj\u0119, analizuje rynek, uczestniczy w procesie wyceny i obrotu nieruchomo\u015bciami oraz dba o prawid\u0142owe funkcjonowanie budynk\u00f3w.<\/p>\n<p data-start=\"1560\" data-end=\"1583\"><strong data-start=\"1560\" data-end=\"1581\">Czym si\u0119 zajmuje:<\/strong><\/p>\n<ul data-start=\"1584\" data-end=\"1832\">\n<li data-start=\"1584\" data-end=\"1628\">\n<p data-start=\"1586\" data-end=\"1628\">prowadzeniem dokumentacji nieruchomo\u015bci,<\/p>\n<\/li>\n<li data-start=\"1629\" data-end=\"1686\">\n<p data-start=\"1631\" data-end=\"1686\">obs\u0142ug\u0105 klient\u00f3w w zakresie kupna, sprzeda\u017cy i najmu,<\/p>\n<\/li>\n<li data-start=\"1687\" data-end=\"1739\">\n<p data-start=\"1689\" data-end=\"1739\">organizowaniem przegl\u0105d\u00f3w technicznych budynk\u00f3w,<\/p>\n<\/li>\n<li data-start=\"1740\" data-end=\"1772\">\n<p data-start=\"1742\" data-end=\"1772\">analiz\u0105 rynku nieruchomo\u015bci,<\/p>\n<\/li>\n<li data-start=\"1773\" data-end=\"1832\">\n<p data-start=\"1775\" data-end=\"1832\">wsp\u00f3\u0142prac\u0105 z instytucjami i wsp\u00f3lnotami mieszkaniowymi.<\/p>\n<\/li>\n<\/ul>\n<p data-start=\"1834\" data-end=\"1877\"><strong data-start=\"1834\" data-end=\"1875\">Kwalifikacje wyodr\u0119bnione w zawodzie:<\/strong><\/p>\n<ul data-start=\"1878\" data-end=\"1995\">\n<li data-start=\"1878\" data-end=\"1923\"><strong data-start=\"1513\" data-end=\"1582\">EKA.09 \u2013 Administracyjno-ekonomiczne zarz\u0105dzanie nieruchomo\u015bciami<\/strong><\/li>\n<\/ul>\n<p data-start=\"1622\" data-end=\"1656\"><strong data-start=\"1622\" data-end=\"1654\">Co obejmuje ta kwalifikacja:<\/strong><\/p>\n<ul data-start=\"1657\" data-end=\"1952\">\n<li data-start=\"1657\" data-end=\"1734\">\n<p data-start=\"1659\" data-end=\"1734\">przygotowanie do pracy z dokumentacj\u0105 prawn\u0105 i ekonomiczn\u0105 nieruchomo\u015bci,<\/p>\n<\/li>\n<li data-start=\"1735\" data-end=\"1783\">\n<p data-start=\"1737\" data-end=\"1783\">zasady administrowania budynkami i terenami,<\/p>\n<\/li>\n<li data-start=\"1784\" data-end=\"1835\">\n<p data-start=\"1786\" data-end=\"1835\">zarz\u0105dzanie gospodark\u0105 finansow\u0105 nieruchomo\u015bci,<\/p>\n<\/li>\n<li data-start=\"1836\" data-end=\"1952\">\n<p data-start=\"1838\" data-end=\"1952\">podstawy oceny stanu technicznego i obs\u0142ugi klient\u00f3w na rynku nieruchomo\u015bci.<\/p>\n<\/li>\n<\/ul>\n<p data-start=\"2224\" data-end=\"2407\"><strong data-start=\"2224\" data-end=\"2252\">Mo\u017cliwo\u015bci zatrudnienia:<\/strong><br data-start=\"2252\" data-end=\"2255\" \/>biura nieruchomo\u015bci, firmy zarz\u0105dzaj\u0105ce nieruchomo\u015bciami, sp\u00f3\u0142dzielnie mieszkaniowe, jednostki samorz\u0105dowe, deweloperzy, w\u0142asna dzia\u0142alno\u015b\u0107 gospodarcza.<\/p>\n","protected":false},"excerpt":{"rendered":"<p>333405 \u2013 Technik gospodarki nieruchomo\u015bciami Opis zawodu:Technik gospodarki nieruchomo\u015bciami zajmuje si\u0119 administrowaniem, zarz\u0105dzaniem oraz obs\u0142ug\u0105 rynku nieruchomo\u015bci. Prowadzi dokumentacj\u0119, analizuje<\/p>\n","protected":false},"author":9,"featured_media":0,"parent":0,"menu_order":0,"comment_status":"closed","ping_status":"closed","template":"","meta":{"inline_featured_image":false,"footnotes":""},"class_list":["post-9805","page","type-page","status-publish","hentry"],"yoast_head":"<!-- This site is optimized with the Yoast SEO plugin v23.1 - https:\/\/yoast.com\/wordpress\/plugins\/seo\/ -->\n<title>Technik gospodarki nieruchomo\u015bciami - Zesp\u00f3\u0142 Szk\u00f3\u0142 Ponadpodstawowych Nr 5<\/title>\n<meta name=\"robots\" content=\"index, follow, max-snippet:-1, max-image-preview:large, max-video-preview:-1\" \/>\n<link rel=\"canonical\" href=\"https:\/\/zsp5.edu.pl\/?page_id=9805\" \/>\n<meta property=\"og:locale\" content=\"pl_PL\" \/>\n<meta property=\"og:type\" content=\"article\" \/>\n<meta property=\"og:title\" content=\"Technik gospodarki nieruchomo\u015bciami - Zesp\u00f3\u0142 Szk\u00f3\u0142 Ponadpodstawowych Nr 5\" \/>\n<meta property=\"og:description\" content=\"333405 \u2013 Technik gospodarki nieruchomo\u015bciami Opis zawodu:Technik gospodarki nieruchomo\u015bciami zajmuje si\u0119 administrowaniem, zarz\u0105dzaniem oraz obs\u0142ug\u0105 rynku nieruchomo\u015bci. Prowadzi dokumentacj\u0119, analizuje\" \/>\n<meta property=\"og:url\" content=\"https:\/\/zsp5.edu.pl\/?page_id=9805\" \/>\n<meta property=\"og:site_name\" content=\"Zesp\u00f3\u0142 Szk\u00f3\u0142 Ponadpodstawowych Nr 5\" \/>\n<meta property=\"article:modified_time\" content=\"2026-03-09T12:10:16+00:00\" \/>\n<meta property=\"og:image\" content=\"https:\/\/pl.fotoomnia.com\/zdjecia\/e37e124cb398694611b2ac7fffc68e92.jpg\" \/>\n<meta name=\"twitter:card\" content=\"summary_large_image\" \/>\n<meta name=\"twitter:label1\" content=\"Szacowany czas czytania\" \/>\n\t<meta name=\"twitter:data1\" content=\"1 minuta\" \/>\n<script type=\"application\/ld+json\" class=\"yoast-schema-graph\">{\"@context\":\"https:\/\/schema.org\",\"@graph\":[{\"@type\":\"WebPage\",\"@id\":\"https:\/\/zsp5.edu.pl\/?page_id=9805\",\"url\":\"https:\/\/zsp5.edu.pl\/?page_id=9805\",\"name\":\"Technik gospodarki nieruchomo\u015bciami - Zesp\u00f3\u0142 Szk\u00f3\u0142 Ponadpodstawowych Nr 5\",\"isPartOf\":{\"@id\":\"https:\/\/zsp5.edu.pl\/#website\"},\"primaryImageOfPage\":{\"@id\":\"https:\/\/zsp5.edu.pl\/?page_id=9805#primaryimage\"},\"image\":{\"@id\":\"https:\/\/zsp5.edu.pl\/?page_id=9805#primaryimage\"},\"thumbnailUrl\":\"https:\/\/pl.fotoomnia.com\/zdjecia\/e37e124cb398694611b2ac7fffc68e92.jpg\",\"datePublished\":\"2026-03-09T11:16:42+00:00\",\"dateModified\":\"2026-03-09T12:10:16+00:00\",\"breadcrumb\":{\"@id\":\"https:\/\/zsp5.edu.pl\/?page_id=9805#breadcrumb\"},\"inLanguage\":\"pl-PL\",\"potentialAction\":[{\"@type\":\"ReadAction\",\"target\":[\"https:\/\/zsp5.edu.pl\/?page_id=9805\"]}]},{\"@type\":\"ImageObject\",\"inLanguage\":\"pl-PL\",\"@id\":\"https:\/\/zsp5.edu.pl\/?page_id=9805#primaryimage\",\"url\":\"https:\/\/pl.fotoomnia.com\/zdjecia\/e37e124cb398694611b2ac7fffc68e92.jpg\",\"contentUrl\":\"https:\/\/pl.fotoomnia.com\/zdjecia\/e37e124cb398694611b2ac7fffc68e92.jpg\"},{\"@type\":\"BreadcrumbList\",\"@id\":\"https:\/\/zsp5.edu.pl\/?page_id=9805#breadcrumb\",\"itemListElement\":[{\"@type\":\"ListItem\",\"position\":1,\"name\":\"Strona g\u0142\u00f3wna\",\"item\":\"https:\/\/zsp5.edu.pl\/\"},{\"@type\":\"ListItem\",\"position\":2,\"name\":\"Technik gospodarki nieruchomo\u015bciami\"}]},{\"@type\":\"WebSite\",\"@id\":\"https:\/\/zsp5.edu.pl\/#website\",\"url\":\"https:\/\/zsp5.edu.pl\/\",\"name\":\"Zesp\u00f3\u0142 Szk\u00f3\u0142 Ponadpodstawowych Nr 5\",\"description\":\"im. gen. W\u0142adys\u0142awa Sikorskiego\",\"potentialAction\":[{\"@type\":\"SearchAction\",\"target\":{\"@type\":\"EntryPoint\",\"urlTemplate\":\"https:\/\/zsp5.edu.pl\/?s={search_term_string}\"},\"query-input\":\"required name=search_term_string\"}],\"inLanguage\":\"pl-PL\"}]}<\/script>\n<!-- \/ Yoast SEO plugin. -->","yoast_head_json":{"title":"Technik gospodarki nieruchomo\u015bciami - Zesp\u00f3\u0142 Szk\u00f3\u0142 Ponadpodstawowych Nr 5","robots":{"index":"index","follow":"follow","max-snippet":"max-snippet:-1","max-image-preview":"max-image-preview:large","max-video-preview":"max-video-preview:-1"},"canonical":"https:\/\/zsp5.edu.pl\/?page_id=9805","og_locale":"pl_PL","og_type":"article","og_title":"Technik gospodarki nieruchomo\u015bciami - Zesp\u00f3\u0142 Szk\u00f3\u0142 Ponadpodstawowych Nr 5","og_description":"333405 \u2013 Technik gospodarki nieruchomo\u015bciami Opis zawodu:Technik gospodarki nieruchomo\u015bciami zajmuje si\u0119 administrowaniem, zarz\u0105dzaniem oraz obs\u0142ug\u0105 rynku nieruchomo\u015bci. Prowadzi dokumentacj\u0119, analizuje","og_url":"https:\/\/zsp5.edu.pl\/?page_id=9805","og_site_name":"Zesp\u00f3\u0142 Szk\u00f3\u0142 Ponadpodstawowych Nr 5","article_modified_time":"2026-03-09T12:10:16+00:00","og_image":[{"url":"https:\/\/pl.fotoomnia.com\/zdjecia\/e37e124cb398694611b2ac7fffc68e92.jpg"}],"twitter_card":"summary_large_image","twitter_misc":{"Szacowany czas czytania":"1 minuta"},"schema":{"@context":"https:\/\/schema.org","@graph":[{"@type":"WebPage","@id":"https:\/\/zsp5.edu.pl\/?page_id=9805","url":"https:\/\/zsp5.edu.pl\/?page_id=9805","name":"Technik gospodarki nieruchomo\u015bciami - Zesp\u00f3\u0142 Szk\u00f3\u0142 Ponadpodstawowych Nr 5","isPartOf":{"@id":"https:\/\/zsp5.edu.pl\/#website"},"primaryImageOfPage":{"@id":"https:\/\/zsp5.edu.pl\/?page_id=9805#primaryimage"},"image":{"@id":"https:\/\/zsp5.edu.pl\/?page_id=9805#primaryimage"},"thumbnailUrl":"https:\/\/pl.fotoomnia.com\/zdjecia\/e37e124cb398694611b2ac7fffc68e92.jpg","datePublished":"2026-03-09T11:16:42+00:00","dateModified":"2026-03-09T12:10:16+00:00","breadcrumb":{"@id":"https:\/\/zsp5.edu.pl\/?page_id=9805#breadcrumb"},"inLanguage":"pl-PL","potentialAction":[{"@type":"ReadAction","target":["https:\/\/zsp5.edu.pl\/?page_id=9805"]}]},{"@type":"ImageObject","inLanguage":"pl-PL","@id":"https:\/\/zsp5.edu.pl\/?page_id=9805#primaryimage","url":"https:\/\/pl.fotoomnia.com\/zdjecia\/e37e124cb398694611b2ac7fffc68e92.jpg","contentUrl":"https:\/\/pl.fotoomnia.com\/zdjecia\/e37e124cb398694611b2ac7fffc68e92.jpg"},{"@type":"BreadcrumbList","@id":"https:\/\/zsp5.edu.pl\/?page_id=9805#breadcrumb","itemListElement":[{"@type":"ListItem","position":1,"name":"Strona g\u0142\u00f3wna","item":"https:\/\/zsp5.edu.pl\/"},{"@type":"ListItem","position":2,"name":"Technik gospodarki nieruchomo\u015bciami"}]},{"@type":"WebSite","@id":"https:\/\/zsp5.edu.pl\/#website","url":"https:\/\/zsp5.edu.pl\/","name":"Zesp\u00f3\u0142 Szk\u00f3\u0142 Ponadpodstawowych Nr 5","description":"im. gen. W\u0142adys\u0142awa Sikorskiego","potentialAction":[{"@type":"SearchAction","target":{"@type":"EntryPoint","urlTemplate":"https:\/\/zsp5.edu.pl\/?s={search_term_string}"},"query-input":"required name=search_term_string"}],"inLanguage":"pl-PL"}]}},"_links":{"self":[{"href":"https:\/\/zsp5.edu.pl\/index.php?rest_route=\/wp\/v2\/pages\/9805","targetHints":{"allow":["GET"]}}],"collection":[{"href":"https:\/\/zsp5.edu.pl\/index.php?rest_route=\/wp\/v2\/pages"}],"about":[{"href":"https:\/\/zsp5.edu.pl\/index.php?rest_route=\/wp\/v2\/types\/page"}],"author":[{"embeddable":true,"href":"https:\/\/zsp5.edu.pl\/index.php?rest_route=\/wp\/v2\/users\/9"}],"replies":[{"embeddable":true,"href":"https:\/\/zsp5.edu.pl\/index.php?rest_route=%2Fwp%2Fv2%2Fcomments&post=9805"}],"version-history":[{"count":2,"href":"https:\/\/zsp5.edu.pl\/index.php?rest_route=\/wp\/v2\/pages\/9805\/revisions"}],"predecessor-version":[{"id":9811,"href":"https:\/\/zsp5.edu.pl\/index.php?rest_route=\/wp\/v2\/pages\/9805\/revisions\/9811"}],"wp:attachment":[{"href":"https:\/\/zsp5.edu.pl\/index.php?rest_route=%2Fwp%2Fv2%2Fmedia&parent=9805"}],"curies":[{"name":"wp","href":"https:\/\/api.w.org\/{rel}","templated":true}]}}